{"id":955,"date":"2023-02-26T18:17:10","date_gmt":"2023-02-26T17:17:10","guid":{"rendered":"https:\/\/russischseminar.com\/home\/?page_id=955"},"modified":"2025-07-30T01:21:15","modified_gmt":"2025-07-29T23:21:15","slug":"gratis-online-uebungen","status":"publish","type":"page","link":"https:\/\/russischseminar.com\/home\/onlinekurse\/gratis-online-uebungen\/","title":{"rendered":"Gratis Online-\u00dcbungen"},"content":{"rendered":"\n<p class=\"has-text-align-right\"><strong><a href=\"https:\/\/russischseminar.com\/home\/onlinekurse\/free-online-exercises\/\">This page in English.<\/a><\/strong><\/p>\n\n\n\n<p class=\"has-text-align-right has-white-color has-black-background-color has-text-color has-background\">Diese Seite ist noch in Arbeit, aber vielleicht versuchen Sie es einmal mit einem russischen Wordle?!<\/p>\n\n\n\n<ul class=\"wp-block-list\">\n<li><a href=\"https:\/\/russischseminar.com\/home\/onlinekurse\/gratis-online-uebungen\/die-wochentage\/\">Die Wochentage<\/a><\/li>\n\n\n\n<li><a href=\"https:\/\/russischseminar.com\/home\/onlinekurse\/gratis-online-uebungen\/die-12-monate\/\">Die 12 Monate<\/a><\/li>\n<\/ul>\n\n\n\n<iframe src=\"https:\/\/wordlegame.org\/ru\" allow=\"fullscreen\" height=\"700px\"><\/iframe>\n\n\n\n<p><\/p>\n","protected":false},"excerpt":{"rendered":"<p>This page in English. Diese Seite ist noch in Arbeit, aber vielleicht versuchen Sie es einmal mit einem russischen Wordle?!<\/p>\n","protected":false},"author":1,"featured_media":0,"parent":30,"menu_order":0,"comment_status":"closed","ping_status":"closed","template":"","meta":{"footnotes":""},"class_list":["post-955","page","type-page","status-publish","hentry"],"yoast_head":"<!-- This site is optimized with the Yoast SEO plugin v27.4 - https:\/\/yoast.com\/product\/yoast-seo-wordpress\/ -->\n<title>Gratis Online-\u00dcbungen - RussischSeminar<\/title>\n<meta name=\"description\" content=\"Diese Seite enth\u00e4lt Gratis\u00fcbungen f\u00fcr Russischlernende.\" \/>\n<meta name=\"robots\" content=\"index, follow, max-snippet:-1, max-image-preview:large, max-video-preview:-1\" \/>\n<link rel=\"canonical\" href=\"https:\/\/russischseminar.com\/home\/onlinekurse\/gratis-online-uebungen\/\" \/>\n<meta property=\"og:locale\" content=\"de_DE\" \/>\n<meta property=\"og:type\" content=\"article\" \/>\n<meta property=\"og:title\" content=\"Gratis Online-\u00dcbungen - RussischSeminar\" \/>\n<meta property=\"og:description\" content=\"Diese Seite enth\u00e4lt Gratis\u00fcbungen f\u00fcr Russischlernende.\" \/>\n<meta property=\"og:url\" content=\"https:\/\/russischseminar.com\/home\/onlinekurse\/gratis-online-uebungen\/\" \/>\n<meta property=\"og:site_name\" content=\"RussischSeminar\" \/>\n<meta property=\"article:modified_time\" content=\"2025-07-29T23:21:15+00:00\" \/>\n<meta name=\"twitter:card\" content=\"summary_large_image\" \/>\n<meta name=\"twitter:label1\" content=\"Gesch\u00e4tzte Lesezeit\" \/>\n\t<meta name=\"twitter:data1\" content=\"1 Minute\" \/>\n<script type=\"application\/ld+json\" class=\"yoast-schema-graph\">{\"@context\":\"https:\\\/\\\/schema.org\",\"@graph\":[{\"@type\":\"WebPage\",\"@id\":\"https:\\\/\\\/russischseminar.com\\\/home\\\/onlinekurse\\\/gratis-online-uebungen\\\/\",\"url\":\"https:\\\/\\\/russischseminar.com\\\/home\\\/onlinekurse\\\/gratis-online-uebungen\\\/\",\"name\":\"Gratis Online-\u00dcbungen - RussischSeminar\",\"isPartOf\":{\"@id\":\"https:\\\/\\\/russischseminar.com\\\/home\\\/#website\"},\"datePublished\":\"2023-02-26T17:17:10+00:00\",\"dateModified\":\"2025-07-29T23:21:15+00:00\",\"description\":\"Diese Seite enth\u00e4lt Gratis\u00fcbungen f\u00fcr Russischlernende.\",\"breadcrumb\":{\"@id\":\"https:\\\/\\\/russischseminar.com\\\/home\\\/onlinekurse\\\/gratis-online-uebungen\\\/#breadcrumb\"},\"inLanguage\":\"de-AT\",\"potentialAction\":[{\"@type\":\"ReadAction\",\"target\":[\"https:\\\/\\\/russischseminar.com\\\/home\\\/onlinekurse\\\/gratis-online-uebungen\\\/\"]}]},{\"@type\":\"BreadcrumbList\",\"@id\":\"https:\\\/\\\/russischseminar.com\\\/home\\\/onlinekurse\\\/gratis-online-uebungen\\\/#breadcrumb\",\"itemListElement\":[{\"@type\":\"ListItem\",\"position\":1,\"name\":\"Startseite\",\"item\":\"https:\\\/\\\/russischseminar.com\\\/home\\\/\"},{\"@type\":\"ListItem\",\"position\":2,\"name\":\"OnlineKurse\",\"item\":\"https:\\\/\\\/russischseminar.com\\\/home\\\/onlinekurse\\\/\"},{\"@type\":\"ListItem\",\"position\":3,\"name\":\"Gratis Online-\u00dcbungen\"}]},{\"@type\":\"WebSite\",\"@id\":\"https:\\\/\\\/russischseminar.com\\\/home\\\/#website\",\"url\":\"https:\\\/\\\/russischseminar.com\\\/home\\\/\",\"name\":\"RussischSeminar\",\"description\":\"Russisch lernen \u2016 Kurse in Wien\",\"potentialAction\":[{\"@type\":\"SearchAction\",\"target\":{\"@type\":\"EntryPoint\",\"urlTemplate\":\"https:\\\/\\\/russischseminar.com\\\/home\\\/?s={search_term_string}\"},\"query-input\":{\"@type\":\"PropertyValueSpecification\",\"valueRequired\":true,\"valueName\":\"search_term_string\"}}],\"inLanguage\":\"de-AT\"}]}<\/script>\n<!-- \/ Yoast SEO plugin. -->","yoast_head_json":{"title":"Gratis Online-\u00dcbungen - RussischSeminar","description":"Diese Seite enth\u00e4lt Gratis\u00fcbungen f\u00fcr Russischlernende.","robots":{"index":"index","follow":"follow","max-snippet":"max-snippet:-1","max-image-preview":"max-image-preview:large","max-video-preview":"max-video-preview:-1"},"canonical":"https:\/\/russischseminar.com\/home\/onlinekurse\/gratis-online-uebungen\/","og_locale":"de_DE","og_type":"article","og_title":"Gratis Online-\u00dcbungen - RussischSeminar","og_description":"Diese Seite enth\u00e4lt Gratis\u00fcbungen f\u00fcr Russischlernende.","og_url":"https:\/\/russischseminar.com\/home\/onlinekurse\/gratis-online-uebungen\/","og_site_name":"RussischSeminar","article_modified_time":"2025-07-29T23:21:15+00:00","twitter_card":"summary_large_image","twitter_misc":{"Gesch\u00e4tzte Lesezeit":"1 Minute"},"schema":{"@context":"https:\/\/schema.org","@graph":[{"@type":"WebPage","@id":"https:\/\/russischseminar.com\/home\/onlinekurse\/gratis-online-uebungen\/","url":"https:\/\/russischseminar.com\/home\/onlinekurse\/gratis-online-uebungen\/","name":"Gratis Online-\u00dcbungen - RussischSeminar","isPartOf":{"@id":"https:\/\/russischseminar.com\/home\/#website"},"datePublished":"2023-02-26T17:17:10+00:00","dateModified":"2025-07-29T23:21:15+00:00","description":"Diese Seite enth\u00e4lt Gratis\u00fcbungen f\u00fcr Russischlernende.","breadcrumb":{"@id":"https:\/\/russischseminar.com\/home\/onlinekurse\/gratis-online-uebungen\/#breadcrumb"},"inLanguage":"de-AT","potentialAction":[{"@type":"ReadAction","target":["https:\/\/russischseminar.com\/home\/onlinekurse\/gratis-online-uebungen\/"]}]},{"@type":"BreadcrumbList","@id":"https:\/\/russischseminar.com\/home\/onlinekurse\/gratis-online-uebungen\/#breadcrumb","itemListElement":[{"@type":"ListItem","position":1,"name":"Startseite","item":"https:\/\/russischseminar.com\/home\/"},{"@type":"ListItem","position":2,"name":"OnlineKurse","item":"https:\/\/russischseminar.com\/home\/onlinekurse\/"},{"@type":"ListItem","position":3,"name":"Gratis Online-\u00dcbungen"}]},{"@type":"WebSite","@id":"https:\/\/russischseminar.com\/home\/#website","url":"https:\/\/russischseminar.com\/home\/","name":"RussischSeminar","description":"Russisch lernen \u2016 Kurse in Wien","potentialAction":[{"@type":"SearchAction","target":{"@type":"EntryPoint","urlTemplate":"https:\/\/russischseminar.com\/home\/?s={search_term_string}"},"query-input":{"@type":"PropertyValueSpecification","valueRequired":true,"valueName":"search_term_string"}}],"inLanguage":"de-AT"}]}},"_links":{"self":[{"href":"https:\/\/russischseminar.com\/home\/wp-json\/wp\/v2\/pages\/955","targetHints":{"allow":["GET"]}}],"collection":[{"href":"https:\/\/russischseminar.com\/home\/wp-json\/wp\/v2\/pages"}],"about":[{"href":"https:\/\/russischseminar.com\/home\/wp-json\/wp\/v2\/types\/page"}],"author":[{"embeddable":true,"href":"https:\/\/russischseminar.com\/home\/wp-json\/wp\/v2\/users\/1"}],"replies":[{"embeddable":true,"href":"https:\/\/russischseminar.com\/home\/wp-json\/wp\/v2\/comments?post=955"}],"version-history":[{"count":11,"href":"https:\/\/russischseminar.com\/home\/wp-json\/wp\/v2\/pages\/955\/revisions"}],"predecessor-version":[{"id":1865,"href":"https:\/\/russischseminar.com\/home\/wp-json\/wp\/v2\/pages\/955\/revisions\/1865"}],"up":[{"embeddable":true,"href":"https:\/\/russischseminar.com\/home\/wp-json\/wp\/v2\/pages\/30"}],"wp:attachment":[{"href":"https:\/\/russischseminar.com\/home\/wp-json\/wp\/v2\/media?parent=955"}],"curies":[{"name":"wp","href":"https:\/\/api.w.org\/{rel}","templated":true}]}}