{"id":56,"date":"2022-05-24T17:45:11","date_gmt":"2022-05-24T15:45:11","guid":{"rendered":"https:\/\/russischseminar.com\/home\/?page_id=56"},"modified":"2025-07-21T02:42:14","modified_gmt":"2025-07-21T00:42:14","slug":"impressum","status":"publish","type":"page","link":"https:\/\/russischseminar.com\/home\/rechtliches\/impressum\/","title":{"rendered":"Impressum"},"content":{"rendered":"\n<h3 class=\"has-text-color wp-block-heading\" style=\"color:#0038a5;font-style:normal;font-weight:600\">Information nach \u00a7 5 ECG und Offenlegung nach \u00a7 25 MedienG<\/h3>\n\n\n\n<p>Die inhaltliche und redaktionelle Verantwortung f\u00fcr Inhalte auf der Webseite www.RussischSeminar.com liegt bei:<\/p>\n\n\n\n<h4 class=\"has-text-color wp-block-heading\" style=\"color:#ed2939;font-style:normal;font-weight:600\">\u00d6sterreichischer Verein zur F\u00f6rderung der russischen Sprache und Kultur<\/h4>\n\n\n\n<p>Rechtsform: Gemeinn\u00fctziger Verein<br><a href=\"https:\/\/russischseminar.com\/home\/wp-content\/uploads\/2022\/05\/Vereinsregisterauszug.pdf\" target=\"_blank\" rel=\"noreferrer noopener\">Zentrale Vereinsregister-Zahl: 294452087<\/a><br>Obfrau\/Gesch\u00e4ftsf\u00fchrerin: Mag. Tatiana Stadler<\/p>\n\n\n\n<h4 class=\"has-text-color wp-block-heading\" style=\"color:#ed2939;font-style:normal;font-weight:600\">Kontaktdaten<\/h4>\n\n\n\n<p>Erne-Seder-Gasse 6\/3\/32<br>1030 Wien<br>\u00d6sterreich<br>info[at]russischseminar.com<br>+43-699-1952-7133<\/p>\n","protected":false},"excerpt":{"rendered":"<p>Information nach \u00a7 5 ECG und Offenlegung nach \u00a7 25 MedienG Die inhaltliche und redaktionelle Verantwortung f\u00fcr Inhalte auf der Webseite www.RussischSeminar.com liegt bei: \u00d6sterreichischer Verein zur F\u00f6rderung der russischen Sprache und Kultur Rechtsform: Gemeinn\u00fctziger VereinZentrale Vereinsregister-Zahl: 294452087Obfrau\/Gesch\u00e4ftsf\u00fchrerin: Mag. Tatiana Stadler Kontaktdaten Erne-Seder-Gasse 6\/3\/321030 Wien\u00d6sterreichinfo[at]russischseminar.com+43-699-1952-7133<\/p>\n","protected":false},"author":1,"featured_media":0,"parent":54,"menu_order":0,"comment_status":"closed","ping_status":"closed","template":"","meta":{"footnotes":""},"class_list":["post-56","page","type-page","status-publish","hentry"],"yoast_head":"<!-- This site is optimized with the Yoast SEO plugin v27.4 - https:\/\/yoast.com\/product\/yoast-seo-wordpress\/ -->\n<title>Impressum - RussischSeminar<\/title>\n<meta name=\"description\" content=\"Diese Seite beinhaltet die Informationen nach \u00a7 5 ECG und Offenlegung nach \u00a7 25 MedienG\" \/>\n<meta name=\"robots\" content=\"index, follow, max-snippet:-1, max-image-preview:large, max-video-preview:-1\" \/>\n<link rel=\"canonical\" href=\"https:\/\/russischseminar.com\/home\/rechtliches\/impressum\/\" \/>\n<meta property=\"og:locale\" content=\"de_DE\" \/>\n<meta property=\"og:type\" content=\"article\" \/>\n<meta property=\"og:title\" content=\"Impressum - RussischSeminar\" \/>\n<meta property=\"og:description\" content=\"Diese Seite beinhaltet die Informationen nach \u00a7 5 ECG und Offenlegung nach \u00a7 25 MedienG\" \/>\n<meta property=\"og:url\" content=\"https:\/\/russischseminar.com\/home\/rechtliches\/impressum\/\" \/>\n<meta property=\"og:site_name\" content=\"RussischSeminar\" \/>\n<meta property=\"article:modified_time\" content=\"2025-07-21T00:42:14+00:00\" \/>\n<meta name=\"twitter:card\" content=\"summary_large_image\" \/>\n<meta name=\"twitter:label1\" content=\"Gesch\u00e4tzte Lesezeit\" \/>\n\t<meta name=\"twitter:data1\" content=\"1 Minute\" \/>\n<script type=\"application\/ld+json\" class=\"yoast-schema-graph\">{\"@context\":\"https:\\\/\\\/schema.org\",\"@graph\":[{\"@type\":[\"WebPage\",\"ContactPage\"],\"@id\":\"https:\\\/\\\/russischseminar.com\\\/home\\\/rechtliches\\\/impressum\\\/\",\"url\":\"https:\\\/\\\/russischseminar.com\\\/home\\\/rechtliches\\\/impressum\\\/\",\"name\":\"Impressum - RussischSeminar\",\"isPartOf\":{\"@id\":\"https:\\\/\\\/russischseminar.com\\\/home\\\/#website\"},\"datePublished\":\"2022-05-24T15:45:11+00:00\",\"dateModified\":\"2025-07-21T00:42:14+00:00\",\"description\":\"Diese Seite beinhaltet die Informationen nach \u00a7 5 ECG und Offenlegung nach \u00a7 25 MedienG\",\"breadcrumb\":{\"@id\":\"https:\\\/\\\/russischseminar.com\\\/home\\\/rechtliches\\\/impressum\\\/#breadcrumb\"},\"inLanguage\":\"de-AT\",\"potentialAction\":[{\"@type\":\"ReadAction\",\"target\":[\"https:\\\/\\\/russischseminar.com\\\/home\\\/rechtliches\\\/impressum\\\/\"]}]},{\"@type\":\"BreadcrumbList\",\"@id\":\"https:\\\/\\\/russischseminar.com\\\/home\\\/rechtliches\\\/impressum\\\/#breadcrumb\",\"itemListElement\":[{\"@type\":\"ListItem\",\"position\":1,\"name\":\"Startseite\",\"item\":\"https:\\\/\\\/russischseminar.com\\\/home\\\/\"},{\"@type\":\"ListItem\",\"position\":2,\"name\":\"Rechtliches\",\"item\":\"https:\\\/\\\/russischseminar.com\\\/home\\\/?page_id=54\"},{\"@type\":\"ListItem\",\"position\":3,\"name\":\"Impressum\"}]},{\"@type\":\"WebSite\",\"@id\":\"https:\\\/\\\/russischseminar.com\\\/home\\\/#website\",\"url\":\"https:\\\/\\\/russischseminar.com\\\/home\\\/\",\"name\":\"RussischSeminar\",\"description\":\"Russisch lernen \u2016 Kurse in Wien\",\"potentialAction\":[{\"@type\":\"SearchAction\",\"target\":{\"@type\":\"EntryPoint\",\"urlTemplate\":\"https:\\\/\\\/russischseminar.com\\\/home\\\/?s={search_term_string}\"},\"query-input\":{\"@type\":\"PropertyValueSpecification\",\"valueRequired\":true,\"valueName\":\"search_term_string\"}}],\"inLanguage\":\"de-AT\"}]}<\/script>\n<!-- \/ Yoast SEO plugin. -->","yoast_head_json":{"title":"Impressum - RussischSeminar","description":"Diese Seite beinhaltet die Informationen nach \u00a7 5 ECG und Offenlegung nach \u00a7 25 MedienG","robots":{"index":"index","follow":"follow","max-snippet":"max-snippet:-1","max-image-preview":"max-image-preview:large","max-video-preview":"max-video-preview:-1"},"canonical":"https:\/\/russischseminar.com\/home\/rechtliches\/impressum\/","og_locale":"de_DE","og_type":"article","og_title":"Impressum - RussischSeminar","og_description":"Diese Seite beinhaltet die Informationen nach \u00a7 5 ECG und Offenlegung nach \u00a7 25 MedienG","og_url":"https:\/\/russischseminar.com\/home\/rechtliches\/impressum\/","og_site_name":"RussischSeminar","article_modified_time":"2025-07-21T00:42:14+00:00","twitter_card":"summary_large_image","twitter_misc":{"Gesch\u00e4tzte Lesezeit":"1 Minute"},"schema":{"@context":"https:\/\/schema.org","@graph":[{"@type":["WebPage","ContactPage"],"@id":"https:\/\/russischseminar.com\/home\/rechtliches\/impressum\/","url":"https:\/\/russischseminar.com\/home\/rechtliches\/impressum\/","name":"Impressum - RussischSeminar","isPartOf":{"@id":"https:\/\/russischseminar.com\/home\/#website"},"datePublished":"2022-05-24T15:45:11+00:00","dateModified":"2025-07-21T00:42:14+00:00","description":"Diese Seite beinhaltet die Informationen nach \u00a7 5 ECG und Offenlegung nach \u00a7 25 MedienG","breadcrumb":{"@id":"https:\/\/russischseminar.com\/home\/rechtliches\/impressum\/#breadcrumb"},"inLanguage":"de-AT","potentialAction":[{"@type":"ReadAction","target":["https:\/\/russischseminar.com\/home\/rechtliches\/impressum\/"]}]},{"@type":"BreadcrumbList","@id":"https:\/\/russischseminar.com\/home\/rechtliches\/impressum\/#breadcrumb","itemListElement":[{"@type":"ListItem","position":1,"name":"Startseite","item":"https:\/\/russischseminar.com\/home\/"},{"@type":"ListItem","position":2,"name":"Rechtliches","item":"https:\/\/russischseminar.com\/home\/?page_id=54"},{"@type":"ListItem","position":3,"name":"Impressum"}]},{"@type":"WebSite","@id":"https:\/\/russischseminar.com\/home\/#website","url":"https:\/\/russischseminar.com\/home\/","name":"RussischSeminar","description":"Russisch lernen \u2016 Kurse in Wien","potentialAction":[{"@type":"SearchAction","target":{"@type":"EntryPoint","urlTemplate":"https:\/\/russischseminar.com\/home\/?s={search_term_string}"},"query-input":{"@type":"PropertyValueSpecification","valueRequired":true,"valueName":"search_term_string"}}],"inLanguage":"de-AT"}]}},"_links":{"self":[{"href":"https:\/\/russischseminar.com\/home\/wp-json\/wp\/v2\/pages\/56","targetHints":{"allow":["GET"]}}],"collection":[{"href":"https:\/\/russischseminar.com\/home\/wp-json\/wp\/v2\/pages"}],"about":[{"href":"https:\/\/russischseminar.com\/home\/wp-json\/wp\/v2\/types\/page"}],"author":[{"embeddable":true,"href":"https:\/\/russischseminar.com\/home\/wp-json\/wp\/v2\/users\/1"}],"replies":[{"embeddable":true,"href":"https:\/\/russischseminar.com\/home\/wp-json\/wp\/v2\/comments?post=56"}],"version-history":[{"count":9,"href":"https:\/\/russischseminar.com\/home\/wp-json\/wp\/v2\/pages\/56\/revisions"}],"predecessor-version":[{"id":564,"href":"https:\/\/russischseminar.com\/home\/wp-json\/wp\/v2\/pages\/56\/revisions\/564"}],"up":[{"embeddable":true,"href":"https:\/\/russischseminar.com\/home\/wp-json\/wp\/v2\/pages\/54"}],"wp:attachment":[{"href":"https:\/\/russischseminar.com\/home\/wp-json\/wp\/v2\/media?parent=56"}],"curies":[{"name":"wp","href":"https:\/\/api.w.org\/{rel}","templated":true}]}}