{"id":42,"date":"2022-05-24T17:42:28","date_gmt":"2022-05-24T15:42:28","guid":{"rendered":"https:\/\/russischseminar.com\/home\/?page_id=42"},"modified":"2026-02-21T16:51:32","modified_gmt":"2026-02-21T15:51:32","slug":"sommerintensivseminar","status":"publish","type":"page","link":"https:\/\/russischseminar.com\/home\/intensivseminare\/sommerintensivseminar\/","title":{"rendered":"SommerIntensivSeminar"},"content":{"rendered":"\n<figure class=\"wp-block-pullquote has-text-color has-small-font-size\" style=\"color:#0038a5;font-style:normal;font-weight:400\"><blockquote><p>Vom <strong>29. Juni bis 4. Juli 2026<\/strong> w\u00fcrden wir Sie gerne beim <strong>SommerIntensivSeminar<\/strong> begr\u00fc\u00dfen! Das ist allerdings die Seite vom letzten SommerIntensivSeminar 2025 und die Preisangaben mit \u20ac 000,00 sind nur Platzhalter. Die Angaben hier wurden zuletzt am 21. Februar 2026 aktualisiert.<\/p><\/blockquote><\/figure>\n\n\n\n<p class=\"has-text-align-right\" style=\"font-size:16px;font-style:normal;font-weight:700\"><a href=\"https:\/\/russischseminar.com\/home\/intensivseminare\/intensive-summer-seminar\/\">This page in English.<\/a><\/p>\n\n\n\n<h3 class=\"wp-block-heading has-text-color\" style=\"color:#ed2939;font-style:normal;font-weight:600\">Veranstalter<\/h3>\n\n\n\n<p>\u00d6sterreichischer Verein zur F\u00f6rderung der russischen Sprache und Kultur<br>Gr\u00fcndungsmitglieder: Mag. Tatiana Stadler und Mag. Harald Loos<br>Adresse: Erne-Seder-Gasse 6\/3\/32, 1030 Wien<\/p>\n\n\n\n<h3 class=\"wp-block-heading has-text-color\" style=\"color:#ed2939;font-style:normal;font-weight:600\">Veranstaltungsort<\/h3>\n\n\n\n<p>Die Unterrichtsr\u00e4ume werden wieder im RUSSISCHEN HAUS in Wien angemietet. Das Haus ist ein gut ausgestatteter Veranstaltungsort, der sich mit \u00f6ffentlichen Verkehrsmitteln (U1 Station Taubstummengasse, Badner Bahn und Stra\u00dfenbahnlinie 1 Paulanergasse oder Mayerhofgasse) leicht erreichbar im Zentrum der Stadt befindet.<\/p>\n\n\n\n<p><a href=\"http:\/\/russischeskulturinstitut.at\/de\" target=\"_blank\" rel=\"noreferrer noopener\">RUSSISCHES HAUS in Wien<\/a><br>Brahmsplatz 8<br>1040 Wien<br>Tel. +43-1-505-1829<br><a href=\"https:\/\/maps.app.goo.gl\/wRxjjBfveGgPwfh86\" target=\"_blank\" rel=\"noreferrer noopener\">Ein paar Minuten Gehweg von <em>\u00f6ffentlichen Verkehrsmitteln, wie U1 Taubstummengasse <\/em><\/a> (<strong>Achtung, der Link f\u00fchrt zu Googlemaps mit all den damit verbundenen datenschutzrechtlichen Folgen<\/strong>)<\/p>\n\n\n\n<h3 class=\"wp-block-heading has-text-color\" style=\"color:#ed2939;font-style:normal;font-weight:600\">Zielgruppe<\/h3>\n\n\n\n<p>Anf\u00e4nger*innen (Russischvorkenntnisse sind nicht erforderlich) und Fortgeschrittene aller Stufen, die an einem interkulturell ausgerichteten und intensiven Russischunterricht interessiert sind.<\/p>\n\n\n\n<h3 class=\"wp-block-heading has-text-color\" style=\"color:#ed2939;font-style:normal;font-weight:600\">Unterricht (52 akademische Unterrichtseinheiten)<\/h3>\n\n\n\n<p>Der Unterricht ist auf die praktische Sprachbeherrschung ausgerichtet und liefert immer Hintergrundwissen \u00fcber Russland und seine Kultur mit. Er wird daher in <strong>Kleingruppen<\/strong> durchgef\u00fchrt, wo die <strong>m\u00fcndliche Sprachbeherrschung im Vordergrund<\/strong> steht.<\/p>\n\n\n\n<p>Unsere <strong>Sprachlehrenden<\/strong> sind Native Speakers mit spezieller Ausbildung f\u00fcr Russisch als Fremdsprache, die an russischen oder \u00f6sterreichischen Universit\u00e4ten oder Fachhochschulen unterrichten. Alle teilnehmenden Personen, die das Seminar erfolgreich absolvieren, erhalten eine detaillierte Teilnahmebest\u00e4tigung in deutscher und russischer Sprache. Auf Anfrage auch in englischer Sprache.<\/p>\n\n\n\n<h3 class=\"wp-block-heading has-text-color\" style=\"color:#ed2939;font-style:normal;font-weight:600\">Voraussichtlicher Tagesplan*<\/h3>\n\n\n\n<figure class=\"wp-block-table\"><table><tbody><tr><td>09.00\u201311.00 <\/td><td><strong>Basisgruppe<\/strong> (voraussichtlich 4 Niveaus, mind. 2 &#8211; max. 10 Personen\/Gruppe)<\/td><\/tr><tr><td>11.15\u201312.45<\/td><td>\u201e<strong>Konversationspraktikum<\/strong>\u201c &#8211; div. Aspekte wie Grammatik\/Umgangssprache (in Basisgruppen)<\/td><\/tr><tr><td>13.00\u201314.00<\/td><td><em>Pause\/Mittagessen<\/em><\/td><\/tr><tr><td>14.00\u201314.50<\/td><td><strong>Spezialkurs I<\/strong> (gruppen\u00fcbergreifend, je nach Niveau und Interessen, spezielle Themen der Grammatik und Landeskunde des postsowjetischen Raums)<\/td><\/tr><tr><td>15.00\u201315.50<\/td><td><strong>Spezialkurs II<\/strong> (gruppen\u00fcbergreifend, je nach Niveau und Interessen, spezielle Themen der Grammatik und Landeskunde des postsowjetischen Raums)<\/td><\/tr><tr><td>ab 16.00<\/td><td><strong>Rahmenprogramm<\/strong> (Singen, russische T\u00e4nze, Vortr\u00e4ge, Filme) \u2013 Teilnahme nicht verpflichtend<\/td><\/tr><\/tbody><\/table><\/figure>\n\n\n\n<p>* geringf\u00fcgige \u00c4nderungen vorbehalten!<\/p>\n\n\n\n<p><a href=\"https:\/\/russischseminar.com\/home\/wp-content\/uploads\/2022\/05\/\u0420\u0430\u0441\u043f\u0438\u0441\u0430\u043d\u0438\u0435-_1\u044f-\u043d\u0435\u0434\u0435\u043b\u044f_2019.pdf\" target=\"_blank\" rel=\"noreferrer noopener\">Hier finden Sie ein Beispiel der Stundenaufteilung aus 2019.<\/a><\/p>\n\n\n\n<h3 class=\"wp-block-heading has-text-color\" style=\"color:#ed2939;font-style:normal;font-weight:600\">Basisgruppen (Vormittag)<\/h3>\n\n\n\n<p>Je nach Niveau der Sprachbeherrschung werden die Seminarteilnehmer<em>innen in Gruppen eingeteilt \u2013 (eventuell) eine Anf\u00e4nger<\/em>innen-Gruppe und einige Gruppen f\u00fcr Fortgeschrittene. Die Mindestzahl an Teilnehmer<em>innen f\u00fcr Zustandekommen der jeweiligen Gruppe ist 2. Der Unterricht am Vormittag wird &#8211; abh\u00e4ngig von Niveau und besonderen W\u00fcnschen der Teilnehmer<\/em>innen &#8211; jeden Tag von einem\/einer Lehrer<em>in begonnen (\u201eGruppenleiter<\/em>in\u201c) und dann von weiteren Lehrer*innen in der zweiten Einheit fortgesetzt.<\/p>\n\n\n\n<h3 class=\"wp-block-heading has-text-color\" style=\"color:#ed2939;font-style:normal;font-weight:600\">Neigungsgruppen (\u0441\u043f\u0435\u0446\u043a\u0443\u0440\u0441\u044b)<\/h3>\n\n\n\n<p>Dabei handelt es sich um einen gruppen\u00fcbergreifenden Unterricht. Hier k\u00f6nnen die Seminarteilnehmer*innen \u2013 abh\u00e4ngig von ihren Russischkenntnissen \u2013 jeden Tag eine Veranstaltung ausw\u00e4hlen. Die Themen der Spezialkurse werden zu Beginn des Seminars bekanntgegeben.<\/p>\n\n\n\n<h3 class=\"wp-block-heading has-text-color\" style=\"color:#ed2939;font-style:normal;font-weight:600\">Rahmenprogramm<\/h3>\n\n\n\n<p>Russische Volkst\u00e4nze, Filme, Lieder, Vortr\u00e4ge, (neu) Besuch einer Theaterauff\u00fchrung in russischer Sprache etc.<\/p>\n\n\n\n<h3 class=\"wp-block-heading has-text-color\" style=\"color:#ed2939;font-style:normal;font-weight:600\">Rund um die Seminarbuchung<\/h3>\n\n\n\n<ul class=\"wp-block-list\">\n<li>Der Seminarbeitrag f\u00fcr 6 Tage betr\u00e4gt <strong>\u20ac 000,-<\/strong> und umfasst den Kursbeitrag, Unterrichtsunterlagen (ausgenommen Lehrb\u00fccher), das Rahmenprogramm und Getr\u00e4nke wie Kaffee, Tee, Wasser und kleine Snacks.<\/li>\n\n\n\n<li>Der Seminarbeitrag f\u00fcr 6 Tage mit Sch\u00fclerinnen- oder Studierendenerm\u00e4\u00dfigung (nur bei Geburtsdatum nach dem 29.06.2000) betr\u00e4gt <strong>\u20ac 000,-<\/strong>. Als Studierende f\u00fcgen Sie der Anmeldung bitte eine aktuelle Inskriptionsbest\u00e4tigung bei!<\/li>\n\n\n\n<li>Der Seminarbeitrag f\u00fcr die Teilnahme an den Vormittagskursen an 6 Tagen betr\u00e4gt <strong>\u20ac 000,-<\/strong>. In diesem Fall ist leider keine Erm\u00e4\u00dfigung m\u00f6glich. Wir danken f\u00fcr Ihr Verst\u00e4ndnis.<\/li>\n\n\n\n<li>Die Unterbringung (7 N\u00e4chtigungen mit Fr\u00fchst\u00fcck) im Einzelimmer kann von uns auf Anfrage in den naheliegenden Hotels organisiert werden. Auch bei individueller Buchung beraten wir Sie gerne.<\/li>\n\n\n\n<li>F\u00fcr das Mittagessen am Kursort, d. h. in der N\u00e4he des Veranstaltungsorts, stehen mehrere Restaurants in der Umgebung zur Verf\u00fcgung. In den Kursr\u00e4umen sorgen wir f\u00fcr Kaffee, Tee, Wasser und kleine Snacks wie Kekse und Pralinen.<\/li>\n\n\n\n<li>Ein <strong>kostenfreier R\u00fccktritt ist bis 22.06.2026<\/strong> m\u00f6glich. Danach f\u00e4llt eine <strong>Stornogeb\u00fchr<\/strong> in der H\u00f6he von <strong>25 %<\/strong> an. <strong>Keine R\u00fcckerstattung<\/strong> erfolgt bei Nichtantritt oder R\u00fccktritt <strong>ab dem 29.06.2026<\/strong>. Auch f\u00fcr vers\u00e4umten Unterricht wird kein Ersatz geleistet.<\/li>\n<\/ul>\n\n\n\n<h3 class=\"wp-block-heading has-text-color\" style=\"color:#ed2939;font-style:normal;font-weight:600\">Administration und weitere Information<\/h3>\n\n\n\n<p>Mag. Tatiana Stadler<br>Telefon: +43-699-1952713<\/p>\n\n\n\n<h3 class=\"wp-block-heading has-text-color\" style=\"color:#ed2939;font-style:normal;font-weight:600\">Anmeldung<\/h3>\n\n\n\n<p>Sie haben die M\u00f6glichkeit, sich<\/p>\n\n\n\n<ul class=\"wp-block-list\">\n<li>online,<\/li>\n\n\n\n<li>per eMail f\u00fcr <a href=\"mailto:info@russischseminar.com?subject=Anmeldung zum SommerIntensivSeminar 2026 f\u00fcr 6 Tage um 000 Euro&amp;body=Ich m\u00f6chte mich hiermit f\u00fcr das SommerIntensivSeminar 2026 f\u00fcr 6 Tage um 000 Euro anmelden. - Bitte f\u00fcgen Sie die restlichen Daten zur Anmeldung selbst ein. DANKE.\">6 Tage um \u20ac 000,00<\/a> || f\u00fcr <a href=\"mailto:info@russischseminar.com?subject=Anmeldung zum SommerIntensivSeminar 2026 f\u00fcr 6 Tage erm\u00e4\u00dfigt um 000 Euro&amp;body=Ich m\u00f6chte mich hiermit f\u00fcr das SommerIntensivSeminar 2026 erm\u00e4\u00dfigt f\u00fcr 6 Tage um 000 Euro anmelden. - Bitte f\u00fcgen Sie die restlichen Daten zur Anmeldung selbst ein. DANKE.\">6 Tage erm\u00e4\u00dfigt um \u20ac 000,00<\/a> || f\u00fcr <a href=\"mailto:info@russischseminar.com?subject=Anmeldung zum SommerIntensivSeminar 2026 f\u00fcr 6 Vormittage um 000 Euro&amp;body=Ich m\u00f6chte mich hiermit f\u00fcr das SommerIntensivSeminar 2026 f\u00fcr 6 Vormittage um 000 Euro anmelden. - Bitte f\u00fcgen Sie die restlichen Daten zur Anmeldung selbst ein. DANKE.\">6 Vormittage um \u20ac 000,00<\/a> oder<\/li>\n\n\n\n<li>auf dem Postweg <\/li>\n<\/ul>\n\n\n\n<p>anzumelden.<\/p>\n\n\n\n<p><strong>\u00d6sterreichischer Verein zur F\u00f6rderung der russischen Sprache und Kultur<\/strong><br>z. H. Frau Mag. Tatiana Stadler<br>Erne-Seder-Gasse 6\/3\/32<br>1030 Wien<\/p>\n\n\n\n<p>Es gibt keine fixe Anmeldefrist. Sie m\u00fcssen aber eventuell damit rechnen, dass wir ausgebucht sind, wenn Sie sich erst Ende Juni anmelden wollen \u2026 Anmeldungen durch Firmen, Beh\u00f6rden etc. m\u00fcssen durch einen Firmenstempel autorisiert sein! Bitte geben Sie gleich mit der Anmeldung auch die gew\u00fcnschte und korrekte Rechnungsadresse bekannt und senden Sie nach M\u00f6glichkeit auch den ausgef\u00fcllten Fragebogen mit.<\/p>\n\n\n\n<h3 class=\"wp-block-heading has-text-color\" style=\"color:#ed2939;font-style:normal;font-weight:600\">Fragebogen zu den Sprachkenntnissen<\/h3>\n\n\n\n<p>Wir m\u00f6chten Sie bitten, auch den Fragebogen zu den Sprachkenntnissen auszuf\u00fcllen, damit wir eine m\u00f6glichst genaue Gruppeneinteilung vornehmen k\u00f6nnen. Den Fragebogen finden Sie unter <a href=\"https:\/\/russischseminar.com\/home\/anmeldung\/fragebogen-zu-ihren-russischkenntnissen\/\">Fragebogen Sprachkenntnisse<\/a>. Bitte den Fragebogen m\u00f6glichst ausf\u00fchrlich beantworten und am besten gleich mit bzw. nach der Anmeldung senden. Die richtige Gruppeneinstufung ist auch in Ihrem Interesse. Zus\u00e4tzlich empfehlen wir den <a href=\"https:\/\/russischseminar.com\/home\/anmeldung\/ger-selbsteinstufungstest\/\">GeR-Selbsteinstufungstest<\/a>. Geben Sie uns Ihr Ergebnis bei der Anmeldung bekannt.<\/p>\n\n\n\n<p>Bei Problemen mit dem Download oder dem \u00d6ffnen der Dokumente oder einer Seite, senden wir Ihnen gerne ein Prospekt mit Anmeldekarte zu. Einen Fragebogen f\u00fcr die Gruppeneinstufung erhalten Sie &#8211; sofern Sie kein*e Anf\u00e4nger*in sind oder den Fragebogen bereits mit der Anmeldekarte mitgesendet haben &#8211; nach der Anmeldung, zusammen mit der Rechnung.<\/p>\n\n\n\n<p>Und hier geht es auch wieder zur Anmeldung f\u00fcr das SommerIntensivSeminar.<\/p>\n","protected":false},"excerpt":{"rendered":"<p>Vom 29. Juni bis 4. Juli 2026 w\u00fcrden wir Sie gerne beim SommerIntensivSeminar begr\u00fc\u00dfen! Das ist allerdings die Seite vom letzten SommerIntensivSeminar 2025 und die Preisangaben mit \u20ac 000,00 sind nur Platzhalter. Die Angaben hier wurden zuletzt am 21. Februar 2026 aktualisiert. This page in English. Veranstalter \u00d6sterreichischer Verein zur F\u00f6rderung der russischen Sprache und [&hellip;]<\/p>\n","protected":false},"author":1,"featured_media":0,"parent":40,"menu_order":0,"comment_status":"closed","ping_status":"closed","template":"","meta":{"footnotes":""},"class_list":["post-42","page","type-page","status-publish","hentry"],"yoast_head":"<!-- This site is optimized with the Yoast SEO plugin v27.4 - https:\/\/yoast.com\/product\/yoast-seo-wordpress\/ -->\n<title>SommerIntensivSeminar - RussischSeminar<\/title>\n<meta name=\"description\" content=\"Das n\u00e4chste SommerIntensivSeminar ist f\u00fcr Juli 2026 geplant.Vom 29. Juni bis 4. Juli 2026 ist dann auch wieder das SommerIntensivSeminar geplant.\" \/>\n<meta name=\"robots\" content=\"index, follow, max-snippet:-1, max-image-preview:large, max-video-preview:-1\" \/>\n<link rel=\"canonical\" href=\"https:\/\/russischseminar.com\/home\/intensivseminare\/sommerintensivseminar\/\" \/>\n<meta property=\"og:locale\" content=\"de_DE\" \/>\n<meta property=\"og:type\" content=\"article\" \/>\n<meta property=\"og:title\" content=\"SommerIntensivSeminar - RussischSeminar\" \/>\n<meta property=\"og:description\" content=\"Das n\u00e4chste SommerIntensivSeminar ist f\u00fcr Juli 2026 geplant.Vom 29. Juni bis 4. Juli 2026 ist dann auch wieder das SommerIntensivSeminar geplant.\" \/>\n<meta property=\"og:url\" content=\"https:\/\/russischseminar.com\/home\/intensivseminare\/sommerintensivseminar\/\" \/>\n<meta property=\"og:site_name\" content=\"RussischSeminar\" \/>\n<meta property=\"article:modified_time\" content=\"2026-02-21T15:51:32+00:00\" \/>\n<meta name=\"twitter:card\" content=\"summary_large_image\" \/>\n<meta name=\"twitter:label1\" content=\"Gesch\u00e4tzte Lesezeit\" \/>\n\t<meta name=\"twitter:data1\" content=\"5 Minuten\" \/>\n<script type=\"application\/ld+json\" class=\"yoast-schema-graph\">{\"@context\":\"https:\\\/\\\/schema.org\",\"@graph\":[{\"@type\":\"WebPage\",\"@id\":\"https:\\\/\\\/russischseminar.com\\\/home\\\/intensivseminare\\\/sommerintensivseminar\\\/\",\"url\":\"https:\\\/\\\/russischseminar.com\\\/home\\\/intensivseminare\\\/sommerintensivseminar\\\/\",\"name\":\"SommerIntensivSeminar - RussischSeminar\",\"isPartOf\":{\"@id\":\"https:\\\/\\\/russischseminar.com\\\/home\\\/#website\"},\"datePublished\":\"2022-05-24T15:42:28+00:00\",\"dateModified\":\"2026-02-21T15:51:32+00:00\",\"description\":\"Das n\u00e4chste SommerIntensivSeminar ist f\u00fcr Juli 2026 geplant.Vom 29. Juni bis 4. Juli 2026 ist dann auch wieder das SommerIntensivSeminar geplant.\",\"breadcrumb\":{\"@id\":\"https:\\\/\\\/russischseminar.com\\\/home\\\/intensivseminare\\\/sommerintensivseminar\\\/#breadcrumb\"},\"inLanguage\":\"de-AT\",\"potentialAction\":[{\"@type\":\"ReadAction\",\"target\":[\"https:\\\/\\\/russischseminar.com\\\/home\\\/intensivseminare\\\/sommerintensivseminar\\\/\"]}]},{\"@type\":\"BreadcrumbList\",\"@id\":\"https:\\\/\\\/russischseminar.com\\\/home\\\/intensivseminare\\\/sommerintensivseminar\\\/#breadcrumb\",\"itemListElement\":[{\"@type\":\"ListItem\",\"position\":1,\"name\":\"Startseite\",\"item\":\"https:\\\/\\\/russischseminar.com\\\/home\\\/\"},{\"@type\":\"ListItem\",\"position\":2,\"name\":\"IntensivSeminare\",\"item\":\"https:\\\/\\\/russischseminar.com\\\/home\\\/intensivseminare\\\/\"},{\"@type\":\"ListItem\",\"position\":3,\"name\":\"SommerIntensivSeminar\"}]},{\"@type\":\"WebSite\",\"@id\":\"https:\\\/\\\/russischseminar.com\\\/home\\\/#website\",\"url\":\"https:\\\/\\\/russischseminar.com\\\/home\\\/\",\"name\":\"RussischSeminar\",\"description\":\"Russisch lernen \u2016 Kurse in Wien\",\"potentialAction\":[{\"@type\":\"SearchAction\",\"target\":{\"@type\":\"EntryPoint\",\"urlTemplate\":\"https:\\\/\\\/russischseminar.com\\\/home\\\/?s={search_term_string}\"},\"query-input\":{\"@type\":\"PropertyValueSpecification\",\"valueRequired\":true,\"valueName\":\"search_term_string\"}}],\"inLanguage\":\"de-AT\"}]}<\/script>\n<!-- \/ Yoast SEO plugin. -->","yoast_head_json":{"title":"SommerIntensivSeminar - RussischSeminar","description":"Das n\u00e4chste SommerIntensivSeminar ist f\u00fcr Juli 2026 geplant.Vom 29. Juni bis 4. Juli 2026 ist dann auch wieder das SommerIntensivSeminar geplant.","robots":{"index":"index","follow":"follow","max-snippet":"max-snippet:-1","max-image-preview":"max-image-preview:large","max-video-preview":"max-video-preview:-1"},"canonical":"https:\/\/russischseminar.com\/home\/intensivseminare\/sommerintensivseminar\/","og_locale":"de_DE","og_type":"article","og_title":"SommerIntensivSeminar - RussischSeminar","og_description":"Das n\u00e4chste SommerIntensivSeminar ist f\u00fcr Juli 2026 geplant.Vom 29. Juni bis 4. Juli 2026 ist dann auch wieder das SommerIntensivSeminar geplant.","og_url":"https:\/\/russischseminar.com\/home\/intensivseminare\/sommerintensivseminar\/","og_site_name":"RussischSeminar","article_modified_time":"2026-02-21T15:51:32+00:00","twitter_card":"summary_large_image","twitter_misc":{"Gesch\u00e4tzte Lesezeit":"5 Minuten"},"schema":{"@context":"https:\/\/schema.org","@graph":[{"@type":"WebPage","@id":"https:\/\/russischseminar.com\/home\/intensivseminare\/sommerintensivseminar\/","url":"https:\/\/russischseminar.com\/home\/intensivseminare\/sommerintensivseminar\/","name":"SommerIntensivSeminar - RussischSeminar","isPartOf":{"@id":"https:\/\/russischseminar.com\/home\/#website"},"datePublished":"2022-05-24T15:42:28+00:00","dateModified":"2026-02-21T15:51:32+00:00","description":"Das n\u00e4chste SommerIntensivSeminar ist f\u00fcr Juli 2026 geplant.Vom 29. Juni bis 4. Juli 2026 ist dann auch wieder das SommerIntensivSeminar geplant.","breadcrumb":{"@id":"https:\/\/russischseminar.com\/home\/intensivseminare\/sommerintensivseminar\/#breadcrumb"},"inLanguage":"de-AT","potentialAction":[{"@type":"ReadAction","target":["https:\/\/russischseminar.com\/home\/intensivseminare\/sommerintensivseminar\/"]}]},{"@type":"BreadcrumbList","@id":"https:\/\/russischseminar.com\/home\/intensivseminare\/sommerintensivseminar\/#breadcrumb","itemListElement":[{"@type":"ListItem","position":1,"name":"Startseite","item":"https:\/\/russischseminar.com\/home\/"},{"@type":"ListItem","position":2,"name":"IntensivSeminare","item":"https:\/\/russischseminar.com\/home\/intensivseminare\/"},{"@type":"ListItem","position":3,"name":"SommerIntensivSeminar"}]},{"@type":"WebSite","@id":"https:\/\/russischseminar.com\/home\/#website","url":"https:\/\/russischseminar.com\/home\/","name":"RussischSeminar","description":"Russisch lernen \u2016 Kurse in Wien","potentialAction":[{"@type":"SearchAction","target":{"@type":"EntryPoint","urlTemplate":"https:\/\/russischseminar.com\/home\/?s={search_term_string}"},"query-input":{"@type":"PropertyValueSpecification","valueRequired":true,"valueName":"search_term_string"}}],"inLanguage":"de-AT"}]}},"_links":{"self":[{"href":"https:\/\/russischseminar.com\/home\/wp-json\/wp\/v2\/pages\/42","targetHints":{"allow":["GET"]}}],"collection":[{"href":"https:\/\/russischseminar.com\/home\/wp-json\/wp\/v2\/pages"}],"about":[{"href":"https:\/\/russischseminar.com\/home\/wp-json\/wp\/v2\/types\/page"}],"author":[{"embeddable":true,"href":"https:\/\/russischseminar.com\/home\/wp-json\/wp\/v2\/users\/1"}],"replies":[{"embeddable":true,"href":"https:\/\/russischseminar.com\/home\/wp-json\/wp\/v2\/comments?post=42"}],"version-history":[{"count":107,"href":"https:\/\/russischseminar.com\/home\/wp-json\/wp\/v2\/pages\/42\/revisions"}],"predecessor-version":[{"id":2000,"href":"https:\/\/russischseminar.com\/home\/wp-json\/wp\/v2\/pages\/42\/revisions\/2000"}],"up":[{"embeddable":true,"href":"https:\/\/russischseminar.com\/home\/wp-json\/wp\/v2\/pages\/40"}],"wp:attachment":[{"href":"https:\/\/russischseminar.com\/home\/wp-json\/wp\/v2\/media?parent=42"}],"curies":[{"name":"wp","href":"https:\/\/api.w.org\/{rel}","templated":true}]}}