{"id":40,"date":"2022-05-24T17:41:48","date_gmt":"2022-05-24T15:41:48","guid":{"rendered":"https:\/\/russischseminar.com\/home\/?page_id=40"},"modified":"2026-02-21T18:02:13","modified_gmt":"2026-02-21T17:02:13","slug":"intensivseminare","status":"publish","type":"page","link":"https:\/\/russischseminar.com\/home\/intensivseminare\/","title":{"rendered":"IntensivSeminare"},"content":{"rendered":"\n<p>Zwei Mal im Jahr bieten wir IntensivSeminare f\u00fcr Russisch in Wien an.<\/p>\n\n\n\n<ul class=\"wp-block-list\">\n<li>WinterIntensivSeminar: J\u00e4nner\/Februar 2027<\/li>\n\n\n\n<li><a href=\"https:\/\/russischseminar.com\/home\/intensivseminare\/sommerintensivseminar\/\" type=\"page\" id=\"42\">SommerIntensivSeminar: 29. Juni bis 4. Juli 2026<\/a><\/li>\n<\/ul>\n","protected":false},"excerpt":{"rendered":"<p>Zwei Mal im Jahr bieten wir IntensivSeminare f\u00fcr Russisch in Wien an.<\/p>\n","protected":false},"author":1,"featured_media":0,"parent":0,"menu_order":0,"comment_status":"closed","ping_status":"closed","template":"","meta":{"footnotes":""},"class_list":["post-40","page","type-page","status-publish","hentry"],"yoast_head":"<!-- This site is optimized with the Yoast SEO plugin v27.4 - https:\/\/yoast.com\/product\/yoast-seo-wordpress\/ -->\n<title>IntensivSeminare - RussischSeminar<\/title>\n<meta name=\"description\" content=\"Zwei Mal im Jahr bietet der \u00d6sterreichische Verein zur F\u00f6rderung der russischen Sprache und Kultur IntensivSeminare f\u00fcr Russisch in Wien an.\" \/>\n<meta name=\"robots\" content=\"index, follow, max-snippet:-1, max-image-preview:large, max-video-preview:-1\" \/>\n<link rel=\"canonical\" href=\"https:\/\/russischseminar.com\/home\/intensivseminare\/\" \/>\n<meta property=\"og:locale\" content=\"de_DE\" \/>\n<meta property=\"og:type\" content=\"article\" \/>\n<meta property=\"og:title\" content=\"IntensivSeminare - RussischSeminar\" \/>\n<meta property=\"og:description\" content=\"Zwei Mal im Jahr bietet der \u00d6sterreichische Verein zur F\u00f6rderung der russischen Sprache und Kultur IntensivSeminare f\u00fcr Russisch in Wien an.\" \/>\n<meta property=\"og:url\" content=\"https:\/\/russischseminar.com\/home\/intensivseminare\/\" \/>\n<meta property=\"og:site_name\" content=\"RussischSeminar\" \/>\n<meta property=\"article:modified_time\" content=\"2026-02-21T17:02:13+00:00\" \/>\n<meta name=\"twitter:card\" content=\"summary_large_image\" \/>\n<meta name=\"twitter:label1\" content=\"Gesch\u00e4tzte Lesezeit\" \/>\n\t<meta name=\"twitter:data1\" content=\"1 Minute\" \/>\n<script type=\"application\/ld+json\" class=\"yoast-schema-graph\">{\"@context\":\"https:\\\/\\\/schema.org\",\"@graph\":[{\"@type\":\"WebPage\",\"@id\":\"https:\\\/\\\/russischseminar.com\\\/home\\\/intensivseminare\\\/\",\"url\":\"https:\\\/\\\/russischseminar.com\\\/home\\\/intensivseminare\\\/\",\"name\":\"IntensivSeminare - RussischSeminar\",\"isPartOf\":{\"@id\":\"https:\\\/\\\/russischseminar.com\\\/home\\\/#website\"},\"datePublished\":\"2022-05-24T15:41:48+00:00\",\"dateModified\":\"2026-02-21T17:02:13+00:00\",\"description\":\"Zwei Mal im Jahr bietet der \u00d6sterreichische Verein zur F\u00f6rderung der russischen Sprache und Kultur IntensivSeminare f\u00fcr Russisch in Wien an.\",\"breadcrumb\":{\"@id\":\"https:\\\/\\\/russischseminar.com\\\/home\\\/intensivseminare\\\/#breadcrumb\"},\"inLanguage\":\"de-AT\",\"potentialAction\":[{\"@type\":\"ReadAction\",\"target\":[\"https:\\\/\\\/russischseminar.com\\\/home\\\/intensivseminare\\\/\"]}]},{\"@type\":\"BreadcrumbList\",\"@id\":\"https:\\\/\\\/russischseminar.com\\\/home\\\/intensivseminare\\\/#breadcrumb\",\"itemListElement\":[{\"@type\":\"ListItem\",\"position\":1,\"name\":\"Startseite\",\"item\":\"https:\\\/\\\/russischseminar.com\\\/home\\\/\"},{\"@type\":\"ListItem\",\"position\":2,\"name\":\"IntensivSeminare\"}]},{\"@type\":\"WebSite\",\"@id\":\"https:\\\/\\\/russischseminar.com\\\/home\\\/#website\",\"url\":\"https:\\\/\\\/russischseminar.com\\\/home\\\/\",\"name\":\"RussischSeminar\",\"description\":\"Russisch lernen \u2016 Kurse in Wien\",\"potentialAction\":[{\"@type\":\"SearchAction\",\"target\":{\"@type\":\"EntryPoint\",\"urlTemplate\":\"https:\\\/\\\/russischseminar.com\\\/home\\\/?s={search_term_string}\"},\"query-input\":{\"@type\":\"PropertyValueSpecification\",\"valueRequired\":true,\"valueName\":\"search_term_string\"}}],\"inLanguage\":\"de-AT\"}]}<\/script>\n<!-- \/ Yoast SEO plugin. -->","yoast_head_json":{"title":"IntensivSeminare - RussischSeminar","description":"Zwei Mal im Jahr bietet der \u00d6sterreichische Verein zur F\u00f6rderung der russischen Sprache und Kultur IntensivSeminare f\u00fcr Russisch in Wien an.","robots":{"index":"index","follow":"follow","max-snippet":"max-snippet:-1","max-image-preview":"max-image-preview:large","max-video-preview":"max-video-preview:-1"},"canonical":"https:\/\/russischseminar.com\/home\/intensivseminare\/","og_locale":"de_DE","og_type":"article","og_title":"IntensivSeminare - RussischSeminar","og_description":"Zwei Mal im Jahr bietet der \u00d6sterreichische Verein zur F\u00f6rderung der russischen Sprache und Kultur IntensivSeminare f\u00fcr Russisch in Wien an.","og_url":"https:\/\/russischseminar.com\/home\/intensivseminare\/","og_site_name":"RussischSeminar","article_modified_time":"2026-02-21T17:02:13+00:00","twitter_card":"summary_large_image","twitter_misc":{"Gesch\u00e4tzte Lesezeit":"1 Minute"},"schema":{"@context":"https:\/\/schema.org","@graph":[{"@type":"WebPage","@id":"https:\/\/russischseminar.com\/home\/intensivseminare\/","url":"https:\/\/russischseminar.com\/home\/intensivseminare\/","name":"IntensivSeminare - RussischSeminar","isPartOf":{"@id":"https:\/\/russischseminar.com\/home\/#website"},"datePublished":"2022-05-24T15:41:48+00:00","dateModified":"2026-02-21T17:02:13+00:00","description":"Zwei Mal im Jahr bietet der \u00d6sterreichische Verein zur F\u00f6rderung der russischen Sprache und Kultur IntensivSeminare f\u00fcr Russisch in Wien an.","breadcrumb":{"@id":"https:\/\/russischseminar.com\/home\/intensivseminare\/#breadcrumb"},"inLanguage":"de-AT","potentialAction":[{"@type":"ReadAction","target":["https:\/\/russischseminar.com\/home\/intensivseminare\/"]}]},{"@type":"BreadcrumbList","@id":"https:\/\/russischseminar.com\/home\/intensivseminare\/#breadcrumb","itemListElement":[{"@type":"ListItem","position":1,"name":"Startseite","item":"https:\/\/russischseminar.com\/home\/"},{"@type":"ListItem","position":2,"name":"IntensivSeminare"}]},{"@type":"WebSite","@id":"https:\/\/russischseminar.com\/home\/#website","url":"https:\/\/russischseminar.com\/home\/","name":"RussischSeminar","description":"Russisch lernen \u2016 Kurse in Wien","potentialAction":[{"@type":"SearchAction","target":{"@type":"EntryPoint","urlTemplate":"https:\/\/russischseminar.com\/home\/?s={search_term_string}"},"query-input":{"@type":"PropertyValueSpecification","valueRequired":true,"valueName":"search_term_string"}}],"inLanguage":"de-AT"}]}},"_links":{"self":[{"href":"https:\/\/russischseminar.com\/home\/wp-json\/wp\/v2\/pages\/40","targetHints":{"allow":["GET"]}}],"collection":[{"href":"https:\/\/russischseminar.com\/home\/wp-json\/wp\/v2\/pages"}],"about":[{"href":"https:\/\/russischseminar.com\/home\/wp-json\/wp\/v2\/types\/page"}],"author":[{"embeddable":true,"href":"https:\/\/russischseminar.com\/home\/wp-json\/wp\/v2\/users\/1"}],"replies":[{"embeddable":true,"href":"https:\/\/russischseminar.com\/home\/wp-json\/wp\/v2\/comments?post=40"}],"version-history":[{"count":11,"href":"https:\/\/russischseminar.com\/home\/wp-json\/wp\/v2\/pages\/40\/revisions"}],"predecessor-version":[{"id":2033,"href":"https:\/\/russischseminar.com\/home\/wp-json\/wp\/v2\/pages\/40\/revisions\/2033"}],"wp:attachment":[{"href":"https:\/\/russischseminar.com\/home\/wp-json\/wp\/v2\/media?parent=40"}],"curies":[{"name":"wp","href":"https:\/\/api.w.org\/{rel}","templated":true}]}}