{"id":36,"date":"2022-05-24T17:40:54","date_gmt":"2022-05-24T15:40:54","guid":{"rendered":"https:\/\/russischseminar.com\/home\/?page_id=36"},"modified":"2026-02-21T17:20:52","modified_gmt":"2026-02-21T16:20:52","slug":"konversationskurs-b2-c1","status":"publish","type":"page","link":"https:\/\/russischseminar.com\/home\/onlinekurse\/konversationskurs-b2-c1\/","title":{"rendered":"Konversationskurs B2\/C1"},"content":{"rendered":"\n<p>Eine Sprache zu erlernen, bedeutet \u00dcbung, \u00dcbung, \u00dcbung &#8230; auch oder gerade auf diesem Sprachniveau. Dabei m\u00f6chten wir auf der Erfahrung der letzten Jahre aufbauen und der immer wieder an uns gestellten Frage weiterhin mit folgendem Angebot nachkommen:<\/p>\n\n\n\n<p>F\u00fcr die Gruppe B2\/C1 wird alle zwei Wochen &#8211; <strong>jeden zweiten Montag von 14.00 bis 15.00 Uhr<\/strong> &#8211; ein <strong>Online-Konversationskurs<\/strong> &#8222;<strong>\u0412 \u043d\u0430\u0447\u0430\u043b\u0435 \u0431\u044b\u043b\u043e \u0421\u043b\u043e\u0432\u043e<\/strong>&#8220; organisiert, bei dem \u201enur\u201c gesprochen wird. Als Vorbereitung daf\u00fcr bekommen die Teilnehmer*innen verschiedene Texte zu lesen, \u00fcber die in der Stunde online diskutiert wird.<\/p>\n\n\n\n<p>Dieses Semester wird der Konversationskurs B2\/C1 von <strong>Tatiana Batischeva<\/strong> betreut. In jedem Treffen des Diskussionsclubs wird ein anderes Thema diskutiert. Je nach Interesse der Teilnehmer*innen sind das interkulturelle Themen, aktuelle Tagesthemen oder Neuerscheinungen. Ein Einstieg w\u00e4hrend des Semesters ist jederzeit m\u00f6glich. F\u00fcr das Sommersemester sind folgende Termine geplant:<\/p>\n\n\n\n<ul class=\"wp-block-list\">\n<li>09.03.2026<\/li>\n\n\n\n<li>23.03.2026<\/li>\n\n\n\n<li>07.04.2026 &#8211; Achtung Dienstag!<\/li>\n\n\n\n<li>20.04.2026<\/li>\n\n\n\n<li>04.05.2026<\/li>\n\n\n\n<li>18.05.2026<\/li>\n\n\n\n<li>01.06.2026<\/li>\n\n\n\n<li>15.06.2026<\/li>\n<\/ul>\n\n\n\n<p><strong>Die Eckpunkte zu diesem Angebot:<\/strong><\/p>\n\n\n\n<ul class=\"wp-block-list\">\n<li>Der Online-Unterricht findet <strong>ab 3 Personen<\/strong> statt.<\/li>\n\n\n\n<li>Die finanzielle Investition in Ihre Sprachkenntnisse betr\u00e4gt <strong>\u20ac 95,00 f\u00fcr 4 Teilnahmen<\/strong> bzw. <strong>\u20ac 170,00 f\u00fcr 8 Teilnahmen<\/strong>.<\/li>\n\n\n\n<li>Die zeitliche Investition in Ihre Sprachkenntnisse bel\u00e4uft sich auf 60 Minuten alle zwei Wochen plus Ihrer Vorbereitungszeit, also gerne auch mehr.<\/li>\n\n\n\n<li>Das aktuelle Semester dauert von 9. M\u00e4rz 2026 bis 28. Juni 2026.<\/li>\n\n\n\n<li>Das <strong>erste Treffen<\/strong> der Gruppe B2\/C1 ist am <strong>9. M\u00e4rz 2026<\/strong>.<\/li>\n\n\n\n<li>Fallweise Teilnahmen auf Anfrage.<\/li>\n<\/ul>\n\n\n\n<p>Sollten Sie an diesem Angebot interessiert sein, nehmen Sie <a href=\"https:\/\/russischseminar.com\/home\/rechtliches\/faqs-und-kontakt\/\">\u00fcber die Kontaktseite Verbindung mit uns auf<\/a>, rufen Sie uns an oder <a href=\"https:\/\/russischseminar.com\/home\/anmeldung\/zu-einem-onlinekurs\/\">melden Sie sich direkt online an<\/a>.<\/p>\n","protected":false},"excerpt":{"rendered":"<p>Eine Sprache zu erlernen, bedeutet \u00dcbung, \u00dcbung, \u00dcbung &#8230; auch oder gerade auf diesem Sprachniveau. Dabei m\u00f6chten wir auf der Erfahrung der letzten Jahre aufbauen und der immer wieder an uns gestellten Frage weiterhin mit folgendem Angebot nachkommen: F\u00fcr die Gruppe B2\/C1 wird alle zwei Wochen &#8211; jeden zweiten Montag von 14.00 bis 15.00 Uhr [&hellip;]<\/p>\n","protected":false},"author":1,"featured_media":0,"parent":30,"menu_order":0,"comment_status":"closed","ping_status":"closed","template":"","meta":{"footnotes":""},"class_list":["post-36","page","type-page","status-publish","hentry"],"yoast_head":"<!-- This site is optimized with the Yoast SEO plugin v27.4 - https:\/\/yoast.com\/product\/yoast-seo-wordpress\/ -->\n<title>Konversationskurs B2\/C1 - RussischSeminar<\/title>\n<meta name=\"description\" content=\"Der n\u00e4chste Online-Konversationskurs B2\/C1 Russisch vom \u00d6sterreichischen Verein zur F\u00f6rderung der russischen Sprache und Kultur startet am 9. M\u00e4rz 2026.\" \/>\n<meta name=\"robots\" content=\"index, follow, max-snippet:-1, max-image-preview:large, max-video-preview:-1\" \/>\n<link rel=\"canonical\" href=\"https:\/\/russischseminar.com\/home\/onlinekurse\/konversationskurs-b2-c1\/\" \/>\n<meta property=\"og:locale\" content=\"de_DE\" \/>\n<meta property=\"og:type\" content=\"article\" \/>\n<meta property=\"og:title\" content=\"Konversationskurs B2\/C1 - RussischSeminar\" \/>\n<meta property=\"og:description\" content=\"Der n\u00e4chste Online-Konversationskurs B2\/C1 Russisch vom \u00d6sterreichischen Verein zur F\u00f6rderung der russischen Sprache und Kultur startet am 9. M\u00e4rz 2026.\" \/>\n<meta property=\"og:url\" content=\"https:\/\/russischseminar.com\/home\/onlinekurse\/konversationskurs-b2-c1\/\" \/>\n<meta property=\"og:site_name\" content=\"RussischSeminar\" \/>\n<meta property=\"article:modified_time\" content=\"2026-02-21T16:20:52+00:00\" \/>\n<meta name=\"twitter:card\" content=\"summary_large_image\" \/>\n<meta name=\"twitter:label1\" content=\"Gesch\u00e4tzte Lesezeit\" \/>\n\t<meta name=\"twitter:data1\" content=\"2 Minuten\" \/>\n<script type=\"application\/ld+json\" class=\"yoast-schema-graph\">{\"@context\":\"https:\\\/\\\/schema.org\",\"@graph\":[{\"@type\":\"WebPage\",\"@id\":\"https:\\\/\\\/russischseminar.com\\\/home\\\/onlinekurse\\\/konversationskurs-b2-c1\\\/\",\"url\":\"https:\\\/\\\/russischseminar.com\\\/home\\\/onlinekurse\\\/konversationskurs-b2-c1\\\/\",\"name\":\"Konversationskurs B2\\\/C1 - RussischSeminar\",\"isPartOf\":{\"@id\":\"https:\\\/\\\/russischseminar.com\\\/home\\\/#website\"},\"datePublished\":\"2022-05-24T15:40:54+00:00\",\"dateModified\":\"2026-02-21T16:20:52+00:00\",\"description\":\"Der n\u00e4chste Online-Konversationskurs B2\\\/C1 Russisch vom \u00d6sterreichischen Verein zur F\u00f6rderung der russischen Sprache und Kultur startet am 9. M\u00e4rz 2026.\",\"breadcrumb\":{\"@id\":\"https:\\\/\\\/russischseminar.com\\\/home\\\/onlinekurse\\\/konversationskurs-b2-c1\\\/#breadcrumb\"},\"inLanguage\":\"de-AT\",\"potentialAction\":[{\"@type\":\"ReadAction\",\"target\":[\"https:\\\/\\\/russischseminar.com\\\/home\\\/onlinekurse\\\/konversationskurs-b2-c1\\\/\"]}]},{\"@type\":\"BreadcrumbList\",\"@id\":\"https:\\\/\\\/russischseminar.com\\\/home\\\/onlinekurse\\\/konversationskurs-b2-c1\\\/#breadcrumb\",\"itemListElement\":[{\"@type\":\"ListItem\",\"position\":1,\"name\":\"Startseite\",\"item\":\"https:\\\/\\\/russischseminar.com\\\/home\\\/\"},{\"@type\":\"ListItem\",\"position\":2,\"name\":\"OnlineKurse\",\"item\":\"https:\\\/\\\/russischseminar.com\\\/home\\\/onlinekurse\\\/\"},{\"@type\":\"ListItem\",\"position\":3,\"name\":\"Konversationskurs B2\\\/C1\"}]},{\"@type\":\"WebSite\",\"@id\":\"https:\\\/\\\/russischseminar.com\\\/home\\\/#website\",\"url\":\"https:\\\/\\\/russischseminar.com\\\/home\\\/\",\"name\":\"RussischSeminar\",\"description\":\"Russisch lernen \u2016 Kurse in Wien\",\"potentialAction\":[{\"@type\":\"SearchAction\",\"target\":{\"@type\":\"EntryPoint\",\"urlTemplate\":\"https:\\\/\\\/russischseminar.com\\\/home\\\/?s={search_term_string}\"},\"query-input\":{\"@type\":\"PropertyValueSpecification\",\"valueRequired\":true,\"valueName\":\"search_term_string\"}}],\"inLanguage\":\"de-AT\"}]}<\/script>\n<!-- \/ Yoast SEO plugin. -->","yoast_head_json":{"title":"Konversationskurs B2\/C1 - RussischSeminar","description":"Der n\u00e4chste Online-Konversationskurs B2\/C1 Russisch vom \u00d6sterreichischen Verein zur F\u00f6rderung der russischen Sprache und Kultur startet am 9. M\u00e4rz 2026.","robots":{"index":"index","follow":"follow","max-snippet":"max-snippet:-1","max-image-preview":"max-image-preview:large","max-video-preview":"max-video-preview:-1"},"canonical":"https:\/\/russischseminar.com\/home\/onlinekurse\/konversationskurs-b2-c1\/","og_locale":"de_DE","og_type":"article","og_title":"Konversationskurs B2\/C1 - RussischSeminar","og_description":"Der n\u00e4chste Online-Konversationskurs B2\/C1 Russisch vom \u00d6sterreichischen Verein zur F\u00f6rderung der russischen Sprache und Kultur startet am 9. M\u00e4rz 2026.","og_url":"https:\/\/russischseminar.com\/home\/onlinekurse\/konversationskurs-b2-c1\/","og_site_name":"RussischSeminar","article_modified_time":"2026-02-21T16:20:52+00:00","twitter_card":"summary_large_image","twitter_misc":{"Gesch\u00e4tzte Lesezeit":"2 Minuten"},"schema":{"@context":"https:\/\/schema.org","@graph":[{"@type":"WebPage","@id":"https:\/\/russischseminar.com\/home\/onlinekurse\/konversationskurs-b2-c1\/","url":"https:\/\/russischseminar.com\/home\/onlinekurse\/konversationskurs-b2-c1\/","name":"Konversationskurs B2\/C1 - RussischSeminar","isPartOf":{"@id":"https:\/\/russischseminar.com\/home\/#website"},"datePublished":"2022-05-24T15:40:54+00:00","dateModified":"2026-02-21T16:20:52+00:00","description":"Der n\u00e4chste Online-Konversationskurs B2\/C1 Russisch vom \u00d6sterreichischen Verein zur F\u00f6rderung der russischen Sprache und Kultur startet am 9. M\u00e4rz 2026.","breadcrumb":{"@id":"https:\/\/russischseminar.com\/home\/onlinekurse\/konversationskurs-b2-c1\/#breadcrumb"},"inLanguage":"de-AT","potentialAction":[{"@type":"ReadAction","target":["https:\/\/russischseminar.com\/home\/onlinekurse\/konversationskurs-b2-c1\/"]}]},{"@type":"BreadcrumbList","@id":"https:\/\/russischseminar.com\/home\/onlinekurse\/konversationskurs-b2-c1\/#breadcrumb","itemListElement":[{"@type":"ListItem","position":1,"name":"Startseite","item":"https:\/\/russischseminar.com\/home\/"},{"@type":"ListItem","position":2,"name":"OnlineKurse","item":"https:\/\/russischseminar.com\/home\/onlinekurse\/"},{"@type":"ListItem","position":3,"name":"Konversationskurs B2\/C1"}]},{"@type":"WebSite","@id":"https:\/\/russischseminar.com\/home\/#website","url":"https:\/\/russischseminar.com\/home\/","name":"RussischSeminar","description":"Russisch lernen \u2016 Kurse in Wien","potentialAction":[{"@type":"SearchAction","target":{"@type":"EntryPoint","urlTemplate":"https:\/\/russischseminar.com\/home\/?s={search_term_string}"},"query-input":{"@type":"PropertyValueSpecification","valueRequired":true,"valueName":"search_term_string"}}],"inLanguage":"de-AT"}]}},"_links":{"self":[{"href":"https:\/\/russischseminar.com\/home\/wp-json\/wp\/v2\/pages\/36","targetHints":{"allow":["GET"]}}],"collection":[{"href":"https:\/\/russischseminar.com\/home\/wp-json\/wp\/v2\/pages"}],"about":[{"href":"https:\/\/russischseminar.com\/home\/wp-json\/wp\/v2\/types\/page"}],"author":[{"embeddable":true,"href":"https:\/\/russischseminar.com\/home\/wp-json\/wp\/v2\/users\/1"}],"replies":[{"embeddable":true,"href":"https:\/\/russischseminar.com\/home\/wp-json\/wp\/v2\/comments?post=36"}],"version-history":[{"count":21,"href":"https:\/\/russischseminar.com\/home\/wp-json\/wp\/v2\/pages\/36\/revisions"}],"predecessor-version":[{"id":2009,"href":"https:\/\/russischseminar.com\/home\/wp-json\/wp\/v2\/pages\/36\/revisions\/2009"}],"up":[{"embeddable":true,"href":"https:\/\/russischseminar.com\/home\/wp-json\/wp\/v2\/pages\/30"}],"wp:attachment":[{"href":"https:\/\/russischseminar.com\/home\/wp-json\/wp\/v2\/media?parent=36"}],"curies":[{"name":"wp","href":"https:\/\/api.w.org\/{rel}","templated":true}]}}