{"id":32,"date":"2022-05-24T17:39:52","date_gmt":"2022-05-24T15:39:52","guid":{"rendered":"https:\/\/russischseminar.com\/home\/?page_id=32"},"modified":"2026-02-21T17:25:06","modified_gmt":"2026-02-21T16:25:06","slug":"semesterkurs-a1","status":"publish","type":"page","link":"https:\/\/russischseminar.com\/home\/onlinekurse\/semesterkurs-a1\/","title":{"rendered":"Semesterkurs A1"},"content":{"rendered":"\n<figure class=\"wp-block-pullquote\"><blockquote><p><strong>ACHTUNG<\/strong><br><strong>Dieser Kurs findet nur statt, wenn sich vor dem 11. M\u00e4rz 2026 mindestens 3 Personen angemeldet haben!<\/strong><\/p><\/blockquote><\/figure>\n\n\n\n<p>Eine Sprache zu erlernen, bedeutet \u00dcbung, \u00dcbung, \u00dcbung. Dabei m\u00f6chten wir auf der Erfahrung der letzten Jahre aufbauen und der immer wieder an uns gestellten Frage mit folgendem Angebot weiterhin nachkommen:<\/p>\n\n\n\n<p>F\u00fcr Anf\u00e4nger*innen (A1), die keine Vorkenntnisse haben oder in einem unserer Seminare oder auch anderswo erste Schritte im Russischen gemacht haben, m\u00f6chten wir weiterhin die Gelegenheit bieten, das Lernen &#8211; bequem von zuhause aus oder wo Sie gerade sind &#8211; fortzusetzen bzw. Ihre Kenntnisse aufzufrischen oder eben beginnen. <strong>Ein Einstieg ist jederzeit m\u00f6glich.<\/strong><\/p>\n\n\n\n<p>Dazu organisieren wir eine Gruppe auf dem Niveau A1, die sich <strong>jeden Mittwoch von 18.00 bis 19.40 Uhr<\/strong> <strong>ONLINE<\/strong> zu insgesamt 15 Terminen trifft.<\/p>\n\n\n\n<p><strong>Die Eckpunkte zu diesem Angebot:<\/strong><\/p>\n\n\n\n<ul class=\"wp-block-list\">\n<li>Der Online-Unterricht findet <strong>ab 3 Personen<\/strong> statt.<\/li>\n\n\n\n<li>Die finanzielle Investition in Ihre Sprachkenntnisse betr\u00e4gt <strong>\u20ac 330,00<\/strong> f\u00fcr das gesamte Semester.<\/li>\n\n\n\n<li>Die zeitliche Investition in Ihre Sprachkenntnisse bel\u00e4uft sich auf 90 Minuten pro Woche, aber gerne auch mehr.<\/li>\n\n\n\n<li>Das aktuelle Semester dauert von 9. M\u00e4rz 2026 bis 28. Juni 2026.<\/li>\n\n\n\n<li>Das <strong>erste Treffen<\/strong> der Gruppe A1 ist am <strong>11. M\u00e4rz 2026<\/strong>.<\/li>\n\n\n\n<li>Fallweise Teilnahmen auf Anfrage.<\/li>\n<\/ul>\n\n\n\n<p>Sollten Sie an diesem Angebot interessiert sein, nehmen Sie <a href=\"https:\/\/russischseminar.com\/home\/rechtliches\/faqs-und-kontakt\/\">\u00fcber die Kontaktseite Verbindung mit uns auf<\/a>, rufen Sie uns an oder <a href=\"https:\/\/russischseminar.com\/home\/anmeldung\/zu-einem-onlinekurs\/\">melden Sie sich direkt online an<\/a>.<\/p>\n","protected":false},"excerpt":{"rendered":"<p>ACHTUNGDieser Kurs findet nur statt, wenn sich vor dem 11. M\u00e4rz 2026 mindestens 3 Personen angemeldet haben! Eine Sprache zu erlernen, bedeutet \u00dcbung, \u00dcbung, \u00dcbung. Dabei m\u00f6chten wir auf der Erfahrung der letzten Jahre aufbauen und der immer wieder an uns gestellten Frage mit folgendem Angebot weiterhin nachkommen: F\u00fcr Anf\u00e4nger*innen (A1), die keine Vorkenntnisse haben [&hellip;]<\/p>\n","protected":false},"author":1,"featured_media":0,"parent":30,"menu_order":0,"comment_status":"closed","ping_status":"closed","template":"","meta":{"footnotes":""},"class_list":["post-32","page","type-page","status-publish","hentry"],"yoast_head":"<!-- This site is optimized with the Yoast SEO plugin v27.4 - https:\/\/yoast.com\/product\/yoast-seo-wordpress\/ -->\n<title>Semesterkurs A1 - RussischSeminar<\/title>\n<meta name=\"description\" content=\"Der n\u00e4chste Online-Semesterkurs A1 Russisch vom \u00d6sterreichischen Verein zur F\u00f6rderung der russischen Sprache und Kultur startet am 11. M\u00e4rz 2026. Ein Einstieg ist jederzeit m\u00f6glich.\" \/>\n<meta name=\"robots\" content=\"index, follow, max-snippet:-1, max-image-preview:large, max-video-preview:-1\" \/>\n<link rel=\"canonical\" href=\"https:\/\/russischseminar.com\/home\/onlinekurse\/semesterkurs-a1\/\" \/>\n<meta property=\"og:locale\" content=\"de_DE\" \/>\n<meta property=\"og:type\" content=\"article\" \/>\n<meta property=\"og:title\" content=\"Semesterkurs A1 - RussischSeminar\" \/>\n<meta property=\"og:description\" content=\"Der n\u00e4chste Online-Semesterkurs A1 Russisch vom \u00d6sterreichischen Verein zur F\u00f6rderung der russischen Sprache und Kultur startet am 11. M\u00e4rz 2026. Ein Einstieg ist jederzeit m\u00f6glich.\" \/>\n<meta property=\"og:url\" content=\"https:\/\/russischseminar.com\/home\/onlinekurse\/semesterkurs-a1\/\" \/>\n<meta property=\"og:site_name\" content=\"RussischSeminar\" \/>\n<meta property=\"article:modified_time\" content=\"2026-02-21T16:25:06+00:00\" \/>\n<meta name=\"twitter:card\" content=\"summary_large_image\" \/>\n<meta name=\"twitter:label1\" content=\"Gesch\u00e4tzte Lesezeit\" \/>\n\t<meta name=\"twitter:data1\" content=\"2 Minuten\" \/>\n<script type=\"application\/ld+json\" class=\"yoast-schema-graph\">{\"@context\":\"https:\\\/\\\/schema.org\",\"@graph\":[{\"@type\":\"WebPage\",\"@id\":\"https:\\\/\\\/russischseminar.com\\\/home\\\/onlinekurse\\\/semesterkurs-a1\\\/\",\"url\":\"https:\\\/\\\/russischseminar.com\\\/home\\\/onlinekurse\\\/semesterkurs-a1\\\/\",\"name\":\"Semesterkurs A1 - RussischSeminar\",\"isPartOf\":{\"@id\":\"https:\\\/\\\/russischseminar.com\\\/home\\\/#website\"},\"datePublished\":\"2022-05-24T15:39:52+00:00\",\"dateModified\":\"2026-02-21T16:25:06+00:00\",\"description\":\"Der n\u00e4chste Online-Semesterkurs A1 Russisch vom \u00d6sterreichischen Verein zur F\u00f6rderung der russischen Sprache und Kultur startet am 11. M\u00e4rz 2026. Ein Einstieg ist jederzeit m\u00f6glich.\",\"breadcrumb\":{\"@id\":\"https:\\\/\\\/russischseminar.com\\\/home\\\/onlinekurse\\\/semesterkurs-a1\\\/#breadcrumb\"},\"inLanguage\":\"de-AT\",\"potentialAction\":[{\"@type\":\"ReadAction\",\"target\":[\"https:\\\/\\\/russischseminar.com\\\/home\\\/onlinekurse\\\/semesterkurs-a1\\\/\"]}]},{\"@type\":\"BreadcrumbList\",\"@id\":\"https:\\\/\\\/russischseminar.com\\\/home\\\/onlinekurse\\\/semesterkurs-a1\\\/#breadcrumb\",\"itemListElement\":[{\"@type\":\"ListItem\",\"position\":1,\"name\":\"Startseite\",\"item\":\"https:\\\/\\\/russischseminar.com\\\/home\\\/\"},{\"@type\":\"ListItem\",\"position\":2,\"name\":\"OnlineKurse\",\"item\":\"https:\\\/\\\/russischseminar.com\\\/home\\\/onlinekurse\\\/\"},{\"@type\":\"ListItem\",\"position\":3,\"name\":\"Semesterkurs A1\"}]},{\"@type\":\"WebSite\",\"@id\":\"https:\\\/\\\/russischseminar.com\\\/home\\\/#website\",\"url\":\"https:\\\/\\\/russischseminar.com\\\/home\\\/\",\"name\":\"RussischSeminar\",\"description\":\"Russisch lernen \u2016 Kurse in Wien\",\"potentialAction\":[{\"@type\":\"SearchAction\",\"target\":{\"@type\":\"EntryPoint\",\"urlTemplate\":\"https:\\\/\\\/russischseminar.com\\\/home\\\/?s={search_term_string}\"},\"query-input\":{\"@type\":\"PropertyValueSpecification\",\"valueRequired\":true,\"valueName\":\"search_term_string\"}}],\"inLanguage\":\"de-AT\"}]}<\/script>\n<!-- \/ Yoast SEO plugin. -->","yoast_head_json":{"title":"Semesterkurs A1 - RussischSeminar","description":"Der n\u00e4chste Online-Semesterkurs A1 Russisch vom \u00d6sterreichischen Verein zur F\u00f6rderung der russischen Sprache und Kultur startet am 11. M\u00e4rz 2026. Ein Einstieg ist jederzeit m\u00f6glich.","robots":{"index":"index","follow":"follow","max-snippet":"max-snippet:-1","max-image-preview":"max-image-preview:large","max-video-preview":"max-video-preview:-1"},"canonical":"https:\/\/russischseminar.com\/home\/onlinekurse\/semesterkurs-a1\/","og_locale":"de_DE","og_type":"article","og_title":"Semesterkurs A1 - RussischSeminar","og_description":"Der n\u00e4chste Online-Semesterkurs A1 Russisch vom \u00d6sterreichischen Verein zur F\u00f6rderung der russischen Sprache und Kultur startet am 11. M\u00e4rz 2026. Ein Einstieg ist jederzeit m\u00f6glich.","og_url":"https:\/\/russischseminar.com\/home\/onlinekurse\/semesterkurs-a1\/","og_site_name":"RussischSeminar","article_modified_time":"2026-02-21T16:25:06+00:00","twitter_card":"summary_large_image","twitter_misc":{"Gesch\u00e4tzte Lesezeit":"2 Minuten"},"schema":{"@context":"https:\/\/schema.org","@graph":[{"@type":"WebPage","@id":"https:\/\/russischseminar.com\/home\/onlinekurse\/semesterkurs-a1\/","url":"https:\/\/russischseminar.com\/home\/onlinekurse\/semesterkurs-a1\/","name":"Semesterkurs A1 - RussischSeminar","isPartOf":{"@id":"https:\/\/russischseminar.com\/home\/#website"},"datePublished":"2022-05-24T15:39:52+00:00","dateModified":"2026-02-21T16:25:06+00:00","description":"Der n\u00e4chste Online-Semesterkurs A1 Russisch vom \u00d6sterreichischen Verein zur F\u00f6rderung der russischen Sprache und Kultur startet am 11. M\u00e4rz 2026. Ein Einstieg ist jederzeit m\u00f6glich.","breadcrumb":{"@id":"https:\/\/russischseminar.com\/home\/onlinekurse\/semesterkurs-a1\/#breadcrumb"},"inLanguage":"de-AT","potentialAction":[{"@type":"ReadAction","target":["https:\/\/russischseminar.com\/home\/onlinekurse\/semesterkurs-a1\/"]}]},{"@type":"BreadcrumbList","@id":"https:\/\/russischseminar.com\/home\/onlinekurse\/semesterkurs-a1\/#breadcrumb","itemListElement":[{"@type":"ListItem","position":1,"name":"Startseite","item":"https:\/\/russischseminar.com\/home\/"},{"@type":"ListItem","position":2,"name":"OnlineKurse","item":"https:\/\/russischseminar.com\/home\/onlinekurse\/"},{"@type":"ListItem","position":3,"name":"Semesterkurs A1"}]},{"@type":"WebSite","@id":"https:\/\/russischseminar.com\/home\/#website","url":"https:\/\/russischseminar.com\/home\/","name":"RussischSeminar","description":"Russisch lernen \u2016 Kurse in Wien","potentialAction":[{"@type":"SearchAction","target":{"@type":"EntryPoint","urlTemplate":"https:\/\/russischseminar.com\/home\/?s={search_term_string}"},"query-input":{"@type":"PropertyValueSpecification","valueRequired":true,"valueName":"search_term_string"}}],"inLanguage":"de-AT"}]}},"_links":{"self":[{"href":"https:\/\/russischseminar.com\/home\/wp-json\/wp\/v2\/pages\/32","targetHints":{"allow":["GET"]}}],"collection":[{"href":"https:\/\/russischseminar.com\/home\/wp-json\/wp\/v2\/pages"}],"about":[{"href":"https:\/\/russischseminar.com\/home\/wp-json\/wp\/v2\/types\/page"}],"author":[{"embeddable":true,"href":"https:\/\/russischseminar.com\/home\/wp-json\/wp\/v2\/users\/1"}],"replies":[{"embeddable":true,"href":"https:\/\/russischseminar.com\/home\/wp-json\/wp\/v2\/comments?post=32"}],"version-history":[{"count":22,"href":"https:\/\/russischseminar.com\/home\/wp-json\/wp\/v2\/pages\/32\/revisions"}],"predecessor-version":[{"id":2013,"href":"https:\/\/russischseminar.com\/home\/wp-json\/wp\/v2\/pages\/32\/revisions\/2013"}],"up":[{"embeddable":true,"href":"https:\/\/russischseminar.com\/home\/wp-json\/wp\/v2\/pages\/30"}],"wp:attachment":[{"href":"https:\/\/russischseminar.com\/home\/wp-json\/wp\/v2\/media?parent=32"}],"curies":[{"name":"wp","href":"https:\/\/api.w.org\/{rel}","templated":true}]}}