{"id":30,"date":"2022-05-24T17:39:04","date_gmt":"2022-05-24T15:39:04","guid":{"rendered":"https:\/\/russischseminar.com\/home\/?page_id=30"},"modified":"2026-02-21T18:00:19","modified_gmt":"2026-02-21T17:00:19","slug":"onlinekurse","status":"publish","type":"page","link":"https:\/\/russischseminar.com\/home\/onlinekurse\/","title":{"rendered":"OnlineKurse"},"content":{"rendered":"\n<p>Im Sommersemester 2026 bieten wir folgende OnlineKurse f\u00fcr Russisch:<\/p>\n\n\n\n<ul class=\"wp-block-list\">\n<li><a href=\"https:\/\/russischseminar.com\/home\/onlinekurse\/semesterkurs-a1\/\">Semesterkurs A1<\/a> &#8211; Dieser Kurs findet nur statt, wenn sich vor dem 11. M\u00e4rz 2026 mindestens 3 Personen angemeldet haben!<\/li>\n\n\n\n<li><a href=\"https:\/\/russischseminar.com\/home\/onlinekurse\/semesterkurs-a2\/\">Semesterkurs A2<\/a> &#8211; Dieser Kurs findet nur statt, wenn sich vor dem 11. M\u00e4rz 2026 mindestens 3 Personen angemeldet haben!<\/li>\n\n\n\n<li><a href=\"https:\/\/russischseminar.com\/home\/onlinekurse\/semesterkurs-b1\/\">Semesterkurs B1<\/a><br><\/li>\n\n\n\n<li><a href=\"https:\/\/russischseminar.com\/home\/onlinekurse\/konversationskurs-a2\/\">Konversationskurs A2<\/a> &#8211; Dieser Kurs findet nur statt, wenn sich vor dem 11. M\u00e4rz 2026 mindestens 3 Personen angemeldet haben!<\/li>\n\n\n\n<li><a href=\"https:\/\/russischseminar.com\/home\/onlinekurse\/konversationskurs-b1-b2\/\">Konversationskurs B1\/B2<\/a><\/li>\n\n\n\n<li><a href=\"https:\/\/russischseminar.com\/home\/onlinekurse\/konversationskurs-b2-c1\/\">Konversationskurs B2\/C1<\/a><br><br><\/li>\n\n\n\n<li><a href=\"https:\/\/russischseminar.com\/home\/onlinekurse\/grammatikkurs-a2-b1\/\">Grammatikkurs A2+\/B1<\/a><\/li>\n\n\n\n<li><a href=\"https:\/\/russischseminar.com\/home\/onlinekurse\/grammatikkurs-b2\/\">Grammatikkurs B2<\/a><\/li>\n<\/ul>\n\n\n\n<p>Ein Einstieg ist jederzeit &#8211; auch f\u00fcr nur ein paar Einheiten (mit Preisanpassung) &#8211; m\u00f6glich. Anmeldung auf <a href=\"https:\/\/russischseminar.com\/home\/anmeldung\/zu-einem-onlinekurs\/\">unserer Anmeldeseite<\/a> und Auskunft per <a href=\"mailto:info@russischseminar.com\">eMail<\/a> oder telefonisch unter +43-699-19527133.<\/p>\n","protected":false},"excerpt":{"rendered":"<p>Im Sommersemester 2026 bieten wir folgende OnlineKurse f\u00fcr Russisch: Ein Einstieg ist jederzeit &#8211; auch f\u00fcr nur ein paar Einheiten (mit Preisanpassung) &#8211; m\u00f6glich. Anmeldung auf unserer Anmeldeseite und Auskunft per eMail oder telefonisch unter +43-699-19527133.<\/p>\n","protected":false},"author":1,"featured_media":0,"parent":0,"menu_order":0,"comment_status":"closed","ping_status":"closed","template":"","meta":{"footnotes":""},"class_list":["post-30","page","type-page","status-publish","hentry"],"yoast_head":"<!-- This site is optimized with the Yoast SEO plugin v27.4 - https:\/\/yoast.com\/product\/yoast-seo-wordpress\/ -->\n<title>OnlineKurse - RussischSeminar<\/title>\n<meta name=\"description\" content=\"Diese Seite enth\u00e4lt eine \u00dcbersicht der Russisch-Online-Kurse \u00d6sterreichischer des Vereins zur F\u00f6rderung der russischen Sprache und Kultur im Wintersemester 2025\/26. Darunter sind auch 3 Kurse f\u00fcr englischsprechende Kursteilnehmerinnen bzw. Kursteilnehmer.\" \/>\n<meta name=\"robots\" content=\"index, follow, max-snippet:-1, max-image-preview:large, max-video-preview:-1\" \/>\n<link rel=\"canonical\" href=\"https:\/\/russischseminar.com\/home\/onlinekurse\/\" \/>\n<meta property=\"og:locale\" content=\"de_DE\" \/>\n<meta property=\"og:type\" content=\"article\" \/>\n<meta property=\"og:title\" content=\"OnlineKurse - RussischSeminar\" \/>\n<meta property=\"og:description\" content=\"Diese Seite enth\u00e4lt eine \u00dcbersicht der Russisch-Online-Kurse \u00d6sterreichischer des Vereins zur F\u00f6rderung der russischen Sprache und Kultur im Wintersemester 2025\/26. Darunter sind auch 3 Kurse f\u00fcr englischsprechende Kursteilnehmerinnen bzw. Kursteilnehmer.\" \/>\n<meta property=\"og:url\" content=\"https:\/\/russischseminar.com\/home\/onlinekurse\/\" \/>\n<meta property=\"og:site_name\" content=\"RussischSeminar\" \/>\n<meta property=\"article:modified_time\" content=\"2026-02-21T17:00:19+00:00\" \/>\n<meta name=\"twitter:card\" content=\"summary_large_image\" \/>\n<meta name=\"twitter:label1\" content=\"Gesch\u00e4tzte Lesezeit\" \/>\n\t<meta name=\"twitter:data1\" content=\"1 Minute\" \/>\n<script type=\"application\/ld+json\" class=\"yoast-schema-graph\">{\"@context\":\"https:\\\/\\\/schema.org\",\"@graph\":[{\"@type\":\"WebPage\",\"@id\":\"https:\\\/\\\/russischseminar.com\\\/home\\\/onlinekurse\\\/\",\"url\":\"https:\\\/\\\/russischseminar.com\\\/home\\\/onlinekurse\\\/\",\"name\":\"OnlineKurse - RussischSeminar\",\"isPartOf\":{\"@id\":\"https:\\\/\\\/russischseminar.com\\\/home\\\/#website\"},\"datePublished\":\"2022-05-24T15:39:04+00:00\",\"dateModified\":\"2026-02-21T17:00:19+00:00\",\"description\":\"Diese Seite enth\u00e4lt eine \u00dcbersicht der Russisch-Online-Kurse \u00d6sterreichischer des Vereins zur F\u00f6rderung der russischen Sprache und Kultur im Wintersemester 2025\\\/26. Darunter sind auch 3 Kurse f\u00fcr englischsprechende Kursteilnehmerinnen bzw. Kursteilnehmer.\",\"breadcrumb\":{\"@id\":\"https:\\\/\\\/russischseminar.com\\\/home\\\/onlinekurse\\\/#breadcrumb\"},\"inLanguage\":\"de-AT\",\"potentialAction\":[{\"@type\":\"ReadAction\",\"target\":[\"https:\\\/\\\/russischseminar.com\\\/home\\\/onlinekurse\\\/\"]}]},{\"@type\":\"BreadcrumbList\",\"@id\":\"https:\\\/\\\/russischseminar.com\\\/home\\\/onlinekurse\\\/#breadcrumb\",\"itemListElement\":[{\"@type\":\"ListItem\",\"position\":1,\"name\":\"Startseite\",\"item\":\"https:\\\/\\\/russischseminar.com\\\/home\\\/\"},{\"@type\":\"ListItem\",\"position\":2,\"name\":\"OnlineKurse\"}]},{\"@type\":\"WebSite\",\"@id\":\"https:\\\/\\\/russischseminar.com\\\/home\\\/#website\",\"url\":\"https:\\\/\\\/russischseminar.com\\\/home\\\/\",\"name\":\"RussischSeminar\",\"description\":\"Russisch lernen \u2016 Kurse in Wien\",\"potentialAction\":[{\"@type\":\"SearchAction\",\"target\":{\"@type\":\"EntryPoint\",\"urlTemplate\":\"https:\\\/\\\/russischseminar.com\\\/home\\\/?s={search_term_string}\"},\"query-input\":{\"@type\":\"PropertyValueSpecification\",\"valueRequired\":true,\"valueName\":\"search_term_string\"}}],\"inLanguage\":\"de-AT\"}]}<\/script>\n<!-- \/ Yoast SEO plugin. -->","yoast_head_json":{"title":"OnlineKurse - RussischSeminar","description":"Diese Seite enth\u00e4lt eine \u00dcbersicht der Russisch-Online-Kurse \u00d6sterreichischer des Vereins zur F\u00f6rderung der russischen Sprache und Kultur im Wintersemester 2025\/26. Darunter sind auch 3 Kurse f\u00fcr englischsprechende Kursteilnehmerinnen bzw. Kursteilnehmer.","robots":{"index":"index","follow":"follow","max-snippet":"max-snippet:-1","max-image-preview":"max-image-preview:large","max-video-preview":"max-video-preview:-1"},"canonical":"https:\/\/russischseminar.com\/home\/onlinekurse\/","og_locale":"de_DE","og_type":"article","og_title":"OnlineKurse - RussischSeminar","og_description":"Diese Seite enth\u00e4lt eine \u00dcbersicht der Russisch-Online-Kurse \u00d6sterreichischer des Vereins zur F\u00f6rderung der russischen Sprache und Kultur im Wintersemester 2025\/26. Darunter sind auch 3 Kurse f\u00fcr englischsprechende Kursteilnehmerinnen bzw. Kursteilnehmer.","og_url":"https:\/\/russischseminar.com\/home\/onlinekurse\/","og_site_name":"RussischSeminar","article_modified_time":"2026-02-21T17:00:19+00:00","twitter_card":"summary_large_image","twitter_misc":{"Gesch\u00e4tzte Lesezeit":"1 Minute"},"schema":{"@context":"https:\/\/schema.org","@graph":[{"@type":"WebPage","@id":"https:\/\/russischseminar.com\/home\/onlinekurse\/","url":"https:\/\/russischseminar.com\/home\/onlinekurse\/","name":"OnlineKurse - RussischSeminar","isPartOf":{"@id":"https:\/\/russischseminar.com\/home\/#website"},"datePublished":"2022-05-24T15:39:04+00:00","dateModified":"2026-02-21T17:00:19+00:00","description":"Diese Seite enth\u00e4lt eine \u00dcbersicht der Russisch-Online-Kurse \u00d6sterreichischer des Vereins zur F\u00f6rderung der russischen Sprache und Kultur im Wintersemester 2025\/26. Darunter sind auch 3 Kurse f\u00fcr englischsprechende Kursteilnehmerinnen bzw. Kursteilnehmer.","breadcrumb":{"@id":"https:\/\/russischseminar.com\/home\/onlinekurse\/#breadcrumb"},"inLanguage":"de-AT","potentialAction":[{"@type":"ReadAction","target":["https:\/\/russischseminar.com\/home\/onlinekurse\/"]}]},{"@type":"BreadcrumbList","@id":"https:\/\/russischseminar.com\/home\/onlinekurse\/#breadcrumb","itemListElement":[{"@type":"ListItem","position":1,"name":"Startseite","item":"https:\/\/russischseminar.com\/home\/"},{"@type":"ListItem","position":2,"name":"OnlineKurse"}]},{"@type":"WebSite","@id":"https:\/\/russischseminar.com\/home\/#website","url":"https:\/\/russischseminar.com\/home\/","name":"RussischSeminar","description":"Russisch lernen \u2016 Kurse in Wien","potentialAction":[{"@type":"SearchAction","target":{"@type":"EntryPoint","urlTemplate":"https:\/\/russischseminar.com\/home\/?s={search_term_string}"},"query-input":{"@type":"PropertyValueSpecification","valueRequired":true,"valueName":"search_term_string"}}],"inLanguage":"de-AT"}]}},"_links":{"self":[{"href":"https:\/\/russischseminar.com\/home\/wp-json\/wp\/v2\/pages\/30","targetHints":{"allow":["GET"]}}],"collection":[{"href":"https:\/\/russischseminar.com\/home\/wp-json\/wp\/v2\/pages"}],"about":[{"href":"https:\/\/russischseminar.com\/home\/wp-json\/wp\/v2\/types\/page"}],"author":[{"embeddable":true,"href":"https:\/\/russischseminar.com\/home\/wp-json\/wp\/v2\/users\/1"}],"replies":[{"embeddable":true,"href":"https:\/\/russischseminar.com\/home\/wp-json\/wp\/v2\/comments?post=30"}],"version-history":[{"count":31,"href":"https:\/\/russischseminar.com\/home\/wp-json\/wp\/v2\/pages\/30\/revisions"}],"predecessor-version":[{"id":2030,"href":"https:\/\/russischseminar.com\/home\/wp-json\/wp\/v2\/pages\/30\/revisions\/2030"}],"wp:attachment":[{"href":"https:\/\/russischseminar.com\/home\/wp-json\/wp\/v2\/media?parent=30"}],"curies":[{"name":"wp","href":"https:\/\/api.w.org\/{rel}","templated":true}]}}