{"id":28,"date":"2022-05-24T17:38:09","date_gmt":"2022-05-24T15:38:09","guid":{"rendered":"https:\/\/russischseminar.com\/home\/?page_id=28"},"modified":"2025-07-21T02:42:34","modified_gmt":"2025-07-21T00:42:34","slug":"seminarstimmen","status":"publish","type":"page","link":"https:\/\/russischseminar.com\/home\/seminarstimmen\/","title":{"rendered":"SeminarStimmen"},"content":{"rendered":"\n<p>SeminarStimmen aus einem WinterIntensivSeminar: Das sagen (und singen) einige unserer Seminarteilnehmerinnen und Seminarteilnehmer (und nicht nur diese) zum RussischIntensivSeminar in Wien.<\/p>\n\n\n\n<h4 class=\"wp-block-heading has-text-color\" style=\"color:#ed2939;font-style:normal;font-weight:600\">Erste Eindr\u00fccke<\/h4>\n\n\n\n<iframe loading=\"lazy\" src=\"https:\/\/www.youtube-nocookie.com\/embed\/93zovFkXFUY\" allowfullscreen=\"allowfullscreen\" width=\"560\" height=\"360\" frameborder=\"0\"><\/iframe>\n\n\n\n<h4 class=\"wp-block-heading has-text-color\" style=\"color:#ed2939;font-style:normal;font-weight:600\">Lernen mit Spa\u00df<\/h4>\n\n\n\n<iframe loading=\"lazy\" src=\"https:\/\/www.youtube-nocookie.com\/embed\/NuJ1Iw07Zuo\" allowfullscreen=\"allowfullscreen\" width=\"560\" height=\"360\" frameborder=\"0\"><\/iframe>\n\n\n\n<h4 class=\"wp-block-heading has-text-color\" style=\"color:#ed2939;font-style:normal;font-weight:600\">Qualit\u00e4tspr\u00fcfung<\/h4>\n\n\n\n<iframe loading=\"lazy\" src=\"https:\/\/www.youtube-nocookie.com\/embed\/OL-bx_-324A\" allowfullscreen=\"allowfullscreen\" width=\"560\" height=\"360\" frameborder=\"0\"><\/iframe>\n\n\n\n<h4 class=\"wp-block-heading has-text-color\" style=\"color:#ed2939;font-style:normal;font-weight:600\">Erfolg ist das Ziel<\/h4>\n\n\n\n<iframe loading=\"lazy\" src=\"https:\/\/www.youtube-nocookie.com\/embed\/Ndp66tqRjLE\" allowfullscreen=\"allowfullscreen\" width=\"560\" height=\"360\" frameborder=\"0\"><\/iframe>\n\n\n\n<h4 class=\"wp-block-heading has-text-color\" style=\"color:#ed2939;font-style:normal;font-weight:600\">Stammtisch<\/h4>\n\n\n\n<iframe loading=\"lazy\" src=\"https:\/\/www.youtube-nocookie.com\/embed\/USYJfH4Awgg\" allowfullscreen=\"allowfullscreen\" width=\"560\" height=\"360\" frameborder=\"0\"><\/iframe>\n\n\n\n<h4 class=\"wp-block-heading has-text-color\" style=\"color:#ed2939;font-style:normal;font-weight:600\">Spa\u00df muss sein!<\/h4>\n\n\n\n<iframe loading=\"lazy\" src=\"https:\/\/www.youtube-nocookie.com\/embed\/fhUp0rT_PjM\" allowfullscreen=\"allowfullscreen\" width=\"560\" height=\"360\" frameborder=\"0\"><\/iframe>\n\n\n\n<h4 class=\"wp-block-heading has-text-color\" style=\"color:#ed2939;font-style:normal;font-weight:600\">Magdalena singt<\/h4>\n\n\n\n<iframe loading=\"lazy\" src=\"https:\/\/www.youtube-nocookie.com\/embed\/odplTi4aKW0\" allowfullscreen=\"allowfullscreen\" width=\"560\" height=\"360\" frameborder=\"0\"><\/iframe>\n\n\n\n<h4 class=\"wp-block-heading has-text-color\" style=\"color:#ed2939;font-style:normal;font-weight:600\">Und noch einmal: Wir \u00fcber uns<\/h4>\n\n\n\n<iframe loading=\"lazy\" src=\"https:\/\/www.youtube-nocookie.com\/embed\/mOUUDUrd1No\" allowfullscreen=\"allowfullscreen\" width=\"560\" height=\"360\" frameborder=\"0\"><\/iframe>\n\n\n\n<p><\/p>\n\n\n\n<p>Diese Videos wurde aufgenommen, geschnitten und &#8211; unter Zustimmung der SeminarStimmen &#8211; zur Verf\u00fcgung gestellt von Frau Dr. Inna Ivanovna Grubmair.<\/p>\n","protected":false},"excerpt":{"rendered":"<p>SeminarStimmen aus einem WinterIntensivSeminar: Das sagen (und singen) einige unserer Seminarteilnehmerinnen und Seminarteilnehmer (und nicht nur diese) zum RussischIntensivSeminar in Wien. Erste Eindr\u00fccke Lernen mit Spa\u00df Qualit\u00e4tspr\u00fcfung Erfolg ist das Ziel Stammtisch Spa\u00df muss sein! Magdalena singt Und noch einmal: Wir \u00fcber uns Diese Videos wurde aufgenommen, geschnitten und &#8211; unter Zustimmung der SeminarStimmen &#8211; [&hellip;]<\/p>\n","protected":false},"author":1,"featured_media":0,"parent":0,"menu_order":0,"comment_status":"closed","ping_status":"closed","template":"","meta":{"footnotes":""},"class_list":["post-28","page","type-page","status-publish","hentry"],"yoast_head":"<!-- This site is optimized with the Yoast SEO plugin v27.4 - https:\/\/yoast.com\/product\/yoast-seo-wordpress\/ -->\n<title>SeminarStimmen - RussischSeminar<\/title>\n<meta name=\"description\" content=\"Sehen und h\u00f6ren Sie, was unsere Seminarteilnehmerinnen und Seminarteilnehmer zum RussischSeminar in Wien zu sagen und singen haben.\" \/>\n<meta name=\"robots\" content=\"index, follow, max-snippet:-1, max-image-preview:large, max-video-preview:-1\" \/>\n<link rel=\"canonical\" href=\"https:\/\/russischseminar.com\/home\/seminarstimmen\/\" \/>\n<meta property=\"og:locale\" content=\"de_DE\" \/>\n<meta property=\"og:type\" content=\"article\" \/>\n<meta property=\"og:title\" content=\"SeminarStimmen - RussischSeminar\" \/>\n<meta property=\"og:description\" content=\"Sehen und h\u00f6ren Sie, was unsere Seminarteilnehmerinnen und Seminarteilnehmer zum RussischSeminar in Wien zu sagen und singen haben.\" \/>\n<meta property=\"og:url\" content=\"https:\/\/russischseminar.com\/home\/seminarstimmen\/\" \/>\n<meta property=\"og:site_name\" content=\"RussischSeminar\" \/>\n<meta property=\"article:modified_time\" content=\"2025-07-21T00:42:34+00:00\" \/>\n<meta name=\"twitter:card\" content=\"summary_large_image\" \/>\n<meta name=\"twitter:label1\" content=\"Gesch\u00e4tzte Lesezeit\" \/>\n\t<meta name=\"twitter:data1\" content=\"1 Minute\" \/>\n<script type=\"application\/ld+json\" class=\"yoast-schema-graph\">{\"@context\":\"https:\\\/\\\/schema.org\",\"@graph\":[{\"@type\":\"WebPage\",\"@id\":\"https:\\\/\\\/russischseminar.com\\\/home\\\/seminarstimmen\\\/\",\"url\":\"https:\\\/\\\/russischseminar.com\\\/home\\\/seminarstimmen\\\/\",\"name\":\"SeminarStimmen - RussischSeminar\",\"isPartOf\":{\"@id\":\"https:\\\/\\\/russischseminar.com\\\/home\\\/#website\"},\"datePublished\":\"2022-05-24T15:38:09+00:00\",\"dateModified\":\"2025-07-21T00:42:34+00:00\",\"description\":\"Sehen und h\u00f6ren Sie, was unsere Seminarteilnehmerinnen und Seminarteilnehmer zum RussischSeminar in Wien zu sagen und singen haben.\",\"breadcrumb\":{\"@id\":\"https:\\\/\\\/russischseminar.com\\\/home\\\/seminarstimmen\\\/#breadcrumb\"},\"inLanguage\":\"de-AT\",\"potentialAction\":[{\"@type\":\"ReadAction\",\"target\":[\"https:\\\/\\\/russischseminar.com\\\/home\\\/seminarstimmen\\\/\"]}]},{\"@type\":\"BreadcrumbList\",\"@id\":\"https:\\\/\\\/russischseminar.com\\\/home\\\/seminarstimmen\\\/#breadcrumb\",\"itemListElement\":[{\"@type\":\"ListItem\",\"position\":1,\"name\":\"Startseite\",\"item\":\"https:\\\/\\\/russischseminar.com\\\/home\\\/\"},{\"@type\":\"ListItem\",\"position\":2,\"name\":\"SeminarStimmen\"}]},{\"@type\":\"WebSite\",\"@id\":\"https:\\\/\\\/russischseminar.com\\\/home\\\/#website\",\"url\":\"https:\\\/\\\/russischseminar.com\\\/home\\\/\",\"name\":\"RussischSeminar\",\"description\":\"Russisch lernen \u2016 Kurse in Wien\",\"potentialAction\":[{\"@type\":\"SearchAction\",\"target\":{\"@type\":\"EntryPoint\",\"urlTemplate\":\"https:\\\/\\\/russischseminar.com\\\/home\\\/?s={search_term_string}\"},\"query-input\":{\"@type\":\"PropertyValueSpecification\",\"valueRequired\":true,\"valueName\":\"search_term_string\"}}],\"inLanguage\":\"de-AT\"}]}<\/script>\n<!-- \/ Yoast SEO plugin. -->","yoast_head_json":{"title":"SeminarStimmen - RussischSeminar","description":"Sehen und h\u00f6ren Sie, was unsere Seminarteilnehmerinnen und Seminarteilnehmer zum RussischSeminar in Wien zu sagen und singen haben.","robots":{"index":"index","follow":"follow","max-snippet":"max-snippet:-1","max-image-preview":"max-image-preview:large","max-video-preview":"max-video-preview:-1"},"canonical":"https:\/\/russischseminar.com\/home\/seminarstimmen\/","og_locale":"de_DE","og_type":"article","og_title":"SeminarStimmen - RussischSeminar","og_description":"Sehen und h\u00f6ren Sie, was unsere Seminarteilnehmerinnen und Seminarteilnehmer zum RussischSeminar in Wien zu sagen und singen haben.","og_url":"https:\/\/russischseminar.com\/home\/seminarstimmen\/","og_site_name":"RussischSeminar","article_modified_time":"2025-07-21T00:42:34+00:00","twitter_card":"summary_large_image","twitter_misc":{"Gesch\u00e4tzte Lesezeit":"1 Minute"},"schema":{"@context":"https:\/\/schema.org","@graph":[{"@type":"WebPage","@id":"https:\/\/russischseminar.com\/home\/seminarstimmen\/","url":"https:\/\/russischseminar.com\/home\/seminarstimmen\/","name":"SeminarStimmen - RussischSeminar","isPartOf":{"@id":"https:\/\/russischseminar.com\/home\/#website"},"datePublished":"2022-05-24T15:38:09+00:00","dateModified":"2025-07-21T00:42:34+00:00","description":"Sehen und h\u00f6ren Sie, was unsere Seminarteilnehmerinnen und Seminarteilnehmer zum RussischSeminar in Wien zu sagen und singen haben.","breadcrumb":{"@id":"https:\/\/russischseminar.com\/home\/seminarstimmen\/#breadcrumb"},"inLanguage":"de-AT","potentialAction":[{"@type":"ReadAction","target":["https:\/\/russischseminar.com\/home\/seminarstimmen\/"]}]},{"@type":"BreadcrumbList","@id":"https:\/\/russischseminar.com\/home\/seminarstimmen\/#breadcrumb","itemListElement":[{"@type":"ListItem","position":1,"name":"Startseite","item":"https:\/\/russischseminar.com\/home\/"},{"@type":"ListItem","position":2,"name":"SeminarStimmen"}]},{"@type":"WebSite","@id":"https:\/\/russischseminar.com\/home\/#website","url":"https:\/\/russischseminar.com\/home\/","name":"RussischSeminar","description":"Russisch lernen \u2016 Kurse in Wien","potentialAction":[{"@type":"SearchAction","target":{"@type":"EntryPoint","urlTemplate":"https:\/\/russischseminar.com\/home\/?s={search_term_string}"},"query-input":{"@type":"PropertyValueSpecification","valueRequired":true,"valueName":"search_term_string"}}],"inLanguage":"de-AT"}]}},"_links":{"self":[{"href":"https:\/\/russischseminar.com\/home\/wp-json\/wp\/v2\/pages\/28","targetHints":{"allow":["GET"]}}],"collection":[{"href":"https:\/\/russischseminar.com\/home\/wp-json\/wp\/v2\/pages"}],"about":[{"href":"https:\/\/russischseminar.com\/home\/wp-json\/wp\/v2\/types\/page"}],"author":[{"embeddable":true,"href":"https:\/\/russischseminar.com\/home\/wp-json\/wp\/v2\/users\/1"}],"replies":[{"embeddable":true,"href":"https:\/\/russischseminar.com\/home\/wp-json\/wp\/v2\/comments?post=28"}],"version-history":[{"count":18,"href":"https:\/\/russischseminar.com\/home\/wp-json\/wp\/v2\/pages\/28\/revisions"}],"predecessor-version":[{"id":1549,"href":"https:\/\/russischseminar.com\/home\/wp-json\/wp\/v2\/pages\/28\/revisions\/1549"}],"wp:attachment":[{"href":"https:\/\/russischseminar.com\/home\/wp-json\/wp\/v2\/media?parent=28"}],"curies":[{"name":"wp","href":"https:\/\/api.w.org\/{rel}","templated":true}]}}