{"id":1867,"date":"2025-07-31T00:03:16","date_gmt":"2025-07-30T22:03:16","guid":{"rendered":"https:\/\/russischseminar.com\/home\/?page_id=1867"},"modified":"2025-08-04T21:32:35","modified_gmt":"2025-08-04T19:32:35","slug":"ger-selbsteinstufungstest","status":"publish","type":"page","link":"https:\/\/russischseminar.com\/home\/anmeldung\/ger-selbsteinstufungstest\/","title":{"rendered":"GeR-Selbsteinstufungstest"},"content":{"rendered":"\n<p class=\"has-text-align-right\"><strong><a href=\"https:\/\/russischseminar.com\/home\/cefr-self-assessment\/\">This page in English.<\/a><\/strong><\/p>\n\n\n\n<p>Ihnen ist bei den Bezeichnungen von Sprachkursen sicher schon aufgefallen, dass diese meist eine Erg\u00e4nzung A1, A2, B1, B2, C1 oder C2 enthalten. Dabei handelt es sich um Angaben des Sprachniveaus, das in einem Kurs erreicht werden soll. Sie stammen vom <strong><a href=\"https:\/\/www.coe.int\/en\/web\/common-european-framework-reference-languages\/table-2-cefr-3.3-common-reference-levels-self-assessment-grid\" target=\"_blank\" rel=\"noreferrer noopener\">Gemeinsamen europ\u00e4ischen Referenzrahmen f\u00fcr Sprachen (GeRS)<\/a><\/strong>. Der GeRS erm\u00f6glicht es, die eigenen Sprachkenntnisse anhand von Beschreibungen der f\u00fcnf Sprachkompetenzen<\/p>\n\n\n\n<ul class=\"wp-block-list\">\n<li>H\u00f6rverst\u00e4ndnis<\/li>\n\n\n\n<li>Leseverst\u00e4ndnis<\/li>\n\n\n\n<li>An Gespr\u00e4chen teilnehmen<\/li>\n\n\n\n<li>Zusammenh\u00e4ngendes Sprechen<\/li>\n\n\n\n<li>Schreiben<\/li>\n<\/ul>\n\n\n\n<p>selbst einzusch\u00e4tzen und damit eine Hilfestellung bei der Kursauswahl zu bekommen.<\/p>\n\n\n\n<p>F\u00fcr die Selbsteinsch\u00e4tzung Ihrer Russischkenntnisse, finden Sie auf dieser Seite eine digitale Umsetzung dieses Tests. Einfach durchklicken und feststellen, wo Sie liegen \u2026 und dann f\u00fcr das n\u00e4chst h\u00f6here Sprachniveau einen Kurs bei uns w\u00e4hlen.<\/p>\n\n\n<div class=\"h5p-iframe-wrapper\"><iframe id=\"h5p-iframe-8\" class=\"h5p-iframe\" data-content-id=\"8\" style=\"height:1px\" src=\"about:blank\" frameBorder=\"0\" scrolling=\"no\" title=\"Selbsteinstufungstest laut Gemeinsamen Europ\u00e4ischen Referenzrahmen f\u00fcr Sprachen (GeR)\"><\/iframe><\/div>\n\n\n\n<p>Der Inhalt dieses Selbsteinstufungstests basiert auf dem <a href=\"https:\/\/rm.coe.int\/CoERMPublicCommonSearchServices\/DisplayDCTMContent?documentId=090000168045bb59\">Raster zur Selbstbeurteilung des \u00a9 Council of Europe \/ Conseil de l\u2019Europe<\/a><\/p>\n","protected":false},"excerpt":{"rendered":"<p>This page in English. Ihnen ist bei den Bezeichnungen von Sprachkursen sicher schon aufgefallen, dass diese meist eine Erg\u00e4nzung A1, A2, B1, B2, C1 oder C2 enthalten. Dabei handelt es sich um Angaben des Sprachniveaus, das in einem Kurs erreicht werden soll. Sie stammen vom Gemeinsamen europ\u00e4ischen Referenzrahmen f\u00fcr Sprachen (GeRS). Der GeRS erm\u00f6glicht es, [&hellip;]<\/p>\n","protected":false},"author":1,"featured_media":0,"parent":46,"menu_order":0,"comment_status":"closed","ping_status":"closed","template":"","meta":{"footnotes":""},"class_list":["post-1867","page","type-page","status-publish","hentry"],"yoast_head":"<!-- This site is optimized with the Yoast SEO plugin v27.4 - https:\/\/yoast.com\/product\/yoast-seo-wordpress\/ -->\n<title>GeR-Selbsteinstufungstest - RussischSeminar<\/title>\n<meta name=\"description\" content=\"Diese Seite enth\u00e4lt eine digitale Version des GeR-Selbsteinstufungstest, der Ihnen bei der Auswahl des f\u00fcr Sie richtigen Russischkurses helfen kann.\" \/>\n<meta name=\"robots\" content=\"index, follow, max-snippet:-1, max-image-preview:large, max-video-preview:-1\" \/>\n<link rel=\"canonical\" href=\"https:\/\/russischseminar.com\/home\/anmeldung\/ger-selbsteinstufungstest\/\" \/>\n<meta property=\"og:locale\" content=\"de_DE\" \/>\n<meta property=\"og:type\" content=\"article\" \/>\n<meta property=\"og:title\" content=\"GeR-Selbsteinstufungstest - RussischSeminar\" \/>\n<meta property=\"og:description\" content=\"Diese Seite enth\u00e4lt eine digitale Version des GeR-Selbsteinstufungstest, der Ihnen bei der Auswahl des f\u00fcr Sie richtigen Russischkurses helfen kann.\" \/>\n<meta property=\"og:url\" content=\"https:\/\/russischseminar.com\/home\/anmeldung\/ger-selbsteinstufungstest\/\" \/>\n<meta property=\"og:site_name\" content=\"RussischSeminar\" \/>\n<meta property=\"article:modified_time\" content=\"2025-08-04T19:32:35+00:00\" \/>\n<meta name=\"twitter:card\" content=\"summary_large_image\" \/>\n<meta name=\"twitter:label1\" content=\"Gesch\u00e4tzte Lesezeit\" \/>\n\t<meta name=\"twitter:data1\" content=\"1 Minute\" \/>\n<script type=\"application\/ld+json\" class=\"yoast-schema-graph\">{\"@context\":\"https:\\\/\\\/schema.org\",\"@graph\":[{\"@type\":\"WebPage\",\"@id\":\"https:\\\/\\\/russischseminar.com\\\/home\\\/anmeldung\\\/ger-selbsteinstufungstest\\\/\",\"url\":\"https:\\\/\\\/russischseminar.com\\\/home\\\/anmeldung\\\/ger-selbsteinstufungstest\\\/\",\"name\":\"GeR-Selbsteinstufungstest - RussischSeminar\",\"isPartOf\":{\"@id\":\"https:\\\/\\\/russischseminar.com\\\/home\\\/#website\"},\"datePublished\":\"2025-07-30T22:03:16+00:00\",\"dateModified\":\"2025-08-04T19:32:35+00:00\",\"description\":\"Diese Seite enth\u00e4lt eine digitale Version des GeR-Selbsteinstufungstest, der Ihnen bei der Auswahl des f\u00fcr Sie richtigen Russischkurses helfen kann.\",\"breadcrumb\":{\"@id\":\"https:\\\/\\\/russischseminar.com\\\/home\\\/anmeldung\\\/ger-selbsteinstufungstest\\\/#breadcrumb\"},\"inLanguage\":\"de-AT\",\"potentialAction\":[{\"@type\":\"ReadAction\",\"target\":[\"https:\\\/\\\/russischseminar.com\\\/home\\\/anmeldung\\\/ger-selbsteinstufungstest\\\/\"]}]},{\"@type\":\"BreadcrumbList\",\"@id\":\"https:\\\/\\\/russischseminar.com\\\/home\\\/anmeldung\\\/ger-selbsteinstufungstest\\\/#breadcrumb\",\"itemListElement\":[{\"@type\":\"ListItem\",\"position\":1,\"name\":\"Startseite\",\"item\":\"https:\\\/\\\/russischseminar.com\\\/home\\\/\"},{\"@type\":\"ListItem\",\"position\":2,\"name\":\"Anmeldung\",\"item\":\"https:\\\/\\\/russischseminar.com\\\/home\\\/anmeldung\\\/\"},{\"@type\":\"ListItem\",\"position\":3,\"name\":\"GeR-Selbsteinstufungstest\"}]},{\"@type\":\"WebSite\",\"@id\":\"https:\\\/\\\/russischseminar.com\\\/home\\\/#website\",\"url\":\"https:\\\/\\\/russischseminar.com\\\/home\\\/\",\"name\":\"RussischSeminar\",\"description\":\"Russisch lernen \u2016 Kurse in Wien\",\"potentialAction\":[{\"@type\":\"SearchAction\",\"target\":{\"@type\":\"EntryPoint\",\"urlTemplate\":\"https:\\\/\\\/russischseminar.com\\\/home\\\/?s={search_term_string}\"},\"query-input\":{\"@type\":\"PropertyValueSpecification\",\"valueRequired\":true,\"valueName\":\"search_term_string\"}}],\"inLanguage\":\"de-AT\"}]}<\/script>\n<!-- \/ Yoast SEO plugin. -->","yoast_head_json":{"title":"GeR-Selbsteinstufungstest - RussischSeminar","description":"Diese Seite enth\u00e4lt eine digitale Version des GeR-Selbsteinstufungstest, der Ihnen bei der Auswahl des f\u00fcr Sie richtigen Russischkurses helfen kann.","robots":{"index":"index","follow":"follow","max-snippet":"max-snippet:-1","max-image-preview":"max-image-preview:large","max-video-preview":"max-video-preview:-1"},"canonical":"https:\/\/russischseminar.com\/home\/anmeldung\/ger-selbsteinstufungstest\/","og_locale":"de_DE","og_type":"article","og_title":"GeR-Selbsteinstufungstest - RussischSeminar","og_description":"Diese Seite enth\u00e4lt eine digitale Version des GeR-Selbsteinstufungstest, der Ihnen bei der Auswahl des f\u00fcr Sie richtigen Russischkurses helfen kann.","og_url":"https:\/\/russischseminar.com\/home\/anmeldung\/ger-selbsteinstufungstest\/","og_site_name":"RussischSeminar","article_modified_time":"2025-08-04T19:32:35+00:00","twitter_card":"summary_large_image","twitter_misc":{"Gesch\u00e4tzte Lesezeit":"1 Minute"},"schema":{"@context":"https:\/\/schema.org","@graph":[{"@type":"WebPage","@id":"https:\/\/russischseminar.com\/home\/anmeldung\/ger-selbsteinstufungstest\/","url":"https:\/\/russischseminar.com\/home\/anmeldung\/ger-selbsteinstufungstest\/","name":"GeR-Selbsteinstufungstest - RussischSeminar","isPartOf":{"@id":"https:\/\/russischseminar.com\/home\/#website"},"datePublished":"2025-07-30T22:03:16+00:00","dateModified":"2025-08-04T19:32:35+00:00","description":"Diese Seite enth\u00e4lt eine digitale Version des GeR-Selbsteinstufungstest, der Ihnen bei der Auswahl des f\u00fcr Sie richtigen Russischkurses helfen kann.","breadcrumb":{"@id":"https:\/\/russischseminar.com\/home\/anmeldung\/ger-selbsteinstufungstest\/#breadcrumb"},"inLanguage":"de-AT","potentialAction":[{"@type":"ReadAction","target":["https:\/\/russischseminar.com\/home\/anmeldung\/ger-selbsteinstufungstest\/"]}]},{"@type":"BreadcrumbList","@id":"https:\/\/russischseminar.com\/home\/anmeldung\/ger-selbsteinstufungstest\/#breadcrumb","itemListElement":[{"@type":"ListItem","position":1,"name":"Startseite","item":"https:\/\/russischseminar.com\/home\/"},{"@type":"ListItem","position":2,"name":"Anmeldung","item":"https:\/\/russischseminar.com\/home\/anmeldung\/"},{"@type":"ListItem","position":3,"name":"GeR-Selbsteinstufungstest"}]},{"@type":"WebSite","@id":"https:\/\/russischseminar.com\/home\/#website","url":"https:\/\/russischseminar.com\/home\/","name":"RussischSeminar","description":"Russisch lernen \u2016 Kurse in Wien","potentialAction":[{"@type":"SearchAction","target":{"@type":"EntryPoint","urlTemplate":"https:\/\/russischseminar.com\/home\/?s={search_term_string}"},"query-input":{"@type":"PropertyValueSpecification","valueRequired":true,"valueName":"search_term_string"}}],"inLanguage":"de-AT"}]}},"_links":{"self":[{"href":"https:\/\/russischseminar.com\/home\/wp-json\/wp\/v2\/pages\/1867","targetHints":{"allow":["GET"]}}],"collection":[{"href":"https:\/\/russischseminar.com\/home\/wp-json\/wp\/v2\/pages"}],"about":[{"href":"https:\/\/russischseminar.com\/home\/wp-json\/wp\/v2\/types\/page"}],"author":[{"embeddable":true,"href":"https:\/\/russischseminar.com\/home\/wp-json\/wp\/v2\/users\/1"}],"replies":[{"embeddable":true,"href":"https:\/\/russischseminar.com\/home\/wp-json\/wp\/v2\/comments?post=1867"}],"version-history":[{"count":7,"href":"https:\/\/russischseminar.com\/home\/wp-json\/wp\/v2\/pages\/1867\/revisions"}],"predecessor-version":[{"id":1908,"href":"https:\/\/russischseminar.com\/home\/wp-json\/wp\/v2\/pages\/1867\/revisions\/1908"}],"up":[{"embeddable":true,"href":"https:\/\/russischseminar.com\/home\/wp-json\/wp\/v2\/pages\/46"}],"wp:attachment":[{"href":"https:\/\/russischseminar.com\/home\/wp-json\/wp\/v2\/media?parent=1867"}],"curies":[{"name":"wp","href":"https:\/\/api.w.org\/{rel}","templated":true}]}}