{"id":1437,"date":"2025-03-09T11:50:12","date_gmt":"2025-03-09T10:50:12","guid":{"rendered":"https:\/\/russischseminar.com\/home\/?page_id=1437"},"modified":"2026-02-21T17:08:17","modified_gmt":"2026-02-21T16:08:17","slug":"konversationskurs-b1-b2","status":"publish","type":"page","link":"https:\/\/russischseminar.com\/home\/onlinekurse\/konversationskurs-b1-b2\/","title":{"rendered":"Konversationskurs B1\/B2"},"content":{"rendered":"\n<p>Eine Sprache zu erlernen, bedeutet \u00dcbung, \u00dcbung, \u00dcbung. Dabei m\u00f6chten wir auf der Erfahrung der letzten Jahre aufbauen und der immer wieder an uns gestellten Frage nach einem Onlineangebot mit diesem Konversationskurs B1\/B2 weiterhin nachkommen:<\/p>\n\n\n\n<p>F\u00fcr die Gruppe B1\/B2 wird alle zwei Wochen &#8211; <strong>jeden zweiten Montag von 18.00 bis 19.00 Uhr<\/strong> &#8211; ein <strong>Online-Konversationskurs<\/strong> organisiert, bei dem \u201enur\u201c gesprochen wird. Als Vorbereitung daf\u00fcr bekommen die Teilnehmer*innen verschiedene Texte zu lesen, \u00fcber die in der Stunde online diskutiert wird.<\/p>\n\n\n\n<p>Der Konversationskurs B1\/B2 wird dieses Semester von <strong>Natalia Meselmi<\/strong> betreut. In jedem Treffen wird ein anderes Thema diskutiert. <strong>Ein Einstieg w\u00e4hrend des Semesters ist jederzeit m\u00f6glich.<\/strong> F\u00fcr das Sommersemester sind folgende Termine geplant:<\/p>\n\n\n\n<ul class=\"wp-block-list\">\n<li>09.03.2026<\/li>\n\n\n\n<li>23.03.2026<\/li>\n\n\n\n<li>07.04.2026 &#8211; Achtung Dienstag!<\/li>\n\n\n\n<li>20.04.2026<\/li>\n\n\n\n<li>04.05.2026<\/li>\n\n\n\n<li>18.05.2026<\/li>\n\n\n\n<li>01.06.2026<\/li>\n\n\n\n<li>15.06.2026<\/li>\n<\/ul>\n\n\n\n<p><strong>Die Eckpunkte zu diesem Angebot:<\/strong><\/p>\n\n\n\n<ul class=\"wp-block-list\">\n<li>Der Online-Unterricht findet ab 3 Personen statt.<\/li>\n\n\n\n<li>Die finanzielle Investition in Ihre Sprachkenntnisse betr\u00e4gt <strong>\u20ac 95,00 f\u00fcr 4 Teilnahmen<\/strong> bzw. <strong>\u20ac 170,00 f\u00fcr 8 Teilnahmen<\/strong>.<\/li>\n\n\n\n<li>Die zeitliche Investition in Ihre Sprachkenntnisse bel\u00e4uft sich auf 60 Minuten alle zwei Wochen plus Ihrer Vorbereitungszeit, also gerne auch mehr.<\/li>\n\n\n\n<li>Das aktuelle Semester dauert von 9. M\u00e4rz 2026 bis 28. Juni 2026.<\/li>\n\n\n\n<li>Das <strong>erste Treffen<\/strong> der Gruppe B1\/B2 ist am <strong>9. M\u00e4rz 2026<\/strong>.<\/li>\n\n\n\n<li>Fallweise Teilnahmen auf Anfrage.<\/li>\n<\/ul>\n\n\n\n<p>Sollten Sie an diesem Angebot interessiert sein, nehmen Sie <a href=\"https:\/\/russischseminar.com\/home\/rechtliches\/faqs-und-kontakt\/\">\u00fcber die Kontaktseite Verbindung mit uns auf<\/a>, rufen Sie uns an oder <a href=\"https:\/\/russischseminar.com\/home\/anmeldung\/zu-einem-onlinekurs\/\">melden Sie sich direkt online an<\/a>.<\/p>\n","protected":false},"excerpt":{"rendered":"<p>Eine Sprache zu erlernen, bedeutet \u00dcbung, \u00dcbung, \u00dcbung. Dabei m\u00f6chten wir auf der Erfahrung der letzten Jahre aufbauen und der immer wieder an uns gestellten Frage nach einem Onlineangebot mit diesem Konversationskurs B1\/B2 weiterhin nachkommen: F\u00fcr die Gruppe B1\/B2 wird alle zwei Wochen &#8211; jeden zweiten Montag von 18.00 bis 19.00 Uhr &#8211; ein Online-Konversationskurs [&hellip;]<\/p>\n","protected":false},"author":1,"featured_media":0,"parent":30,"menu_order":0,"comment_status":"closed","ping_status":"closed","template":"","meta":{"footnotes":""},"class_list":["post-1437","page","type-page","status-publish","hentry"],"yoast_head":"<!-- This site is optimized with the Yoast SEO plugin v27.4 - https:\/\/yoast.com\/product\/yoast-seo-wordpress\/ -->\n<title>Konversationskurs B1\/B2 - RussischSeminar<\/title>\n<meta name=\"description\" content=\"Der n\u00e4chste Online-Konversationskurs B1\/B2 Russisch vom \u00d6sterreichischen Verein zur F\u00f6rderung der russischen Sprache und Kultur startet am 9. M\u00e4rz 2026.\" \/>\n<meta name=\"robots\" content=\"index, follow, max-snippet:-1, max-image-preview:large, max-video-preview:-1\" \/>\n<link rel=\"canonical\" href=\"https:\/\/russischseminar.com\/home\/onlinekurse\/konversationskurs-b1-b2\/\" \/>\n<meta property=\"og:locale\" content=\"de_DE\" \/>\n<meta property=\"og:type\" content=\"article\" \/>\n<meta property=\"og:title\" content=\"Konversationskurs B1\/B2 - RussischSeminar\" \/>\n<meta property=\"og:description\" content=\"Der n\u00e4chste Online-Konversationskurs B1\/B2 Russisch vom \u00d6sterreichischen Verein zur F\u00f6rderung der russischen Sprache und Kultur startet am 9. M\u00e4rz 2026.\" \/>\n<meta property=\"og:url\" content=\"https:\/\/russischseminar.com\/home\/onlinekurse\/konversationskurs-b1-b2\/\" \/>\n<meta property=\"og:site_name\" content=\"RussischSeminar\" \/>\n<meta property=\"article:modified_time\" content=\"2026-02-21T16:08:17+00:00\" \/>\n<meta name=\"twitter:card\" content=\"summary_large_image\" \/>\n<meta name=\"twitter:label1\" content=\"Gesch\u00e4tzte Lesezeit\" \/>\n\t<meta name=\"twitter:data1\" content=\"2 Minuten\" \/>\n<script type=\"application\/ld+json\" class=\"yoast-schema-graph\">{\"@context\":\"https:\\\/\\\/schema.org\",\"@graph\":[{\"@type\":\"WebPage\",\"@id\":\"https:\\\/\\\/russischseminar.com\\\/home\\\/onlinekurse\\\/konversationskurs-b1-b2\\\/\",\"url\":\"https:\\\/\\\/russischseminar.com\\\/home\\\/onlinekurse\\\/konversationskurs-b1-b2\\\/\",\"name\":\"Konversationskurs B1\\\/B2 - RussischSeminar\",\"isPartOf\":{\"@id\":\"https:\\\/\\\/russischseminar.com\\\/home\\\/#website\"},\"datePublished\":\"2025-03-09T10:50:12+00:00\",\"dateModified\":\"2026-02-21T16:08:17+00:00\",\"description\":\"Der n\u00e4chste Online-Konversationskurs B1\\\/B2 Russisch vom \u00d6sterreichischen Verein zur F\u00f6rderung der russischen Sprache und Kultur startet am 9. M\u00e4rz 2026.\",\"breadcrumb\":{\"@id\":\"https:\\\/\\\/russischseminar.com\\\/home\\\/onlinekurse\\\/konversationskurs-b1-b2\\\/#breadcrumb\"},\"inLanguage\":\"de-AT\",\"potentialAction\":[{\"@type\":\"ReadAction\",\"target\":[\"https:\\\/\\\/russischseminar.com\\\/home\\\/onlinekurse\\\/konversationskurs-b1-b2\\\/\"]}]},{\"@type\":\"BreadcrumbList\",\"@id\":\"https:\\\/\\\/russischseminar.com\\\/home\\\/onlinekurse\\\/konversationskurs-b1-b2\\\/#breadcrumb\",\"itemListElement\":[{\"@type\":\"ListItem\",\"position\":1,\"name\":\"Startseite\",\"item\":\"https:\\\/\\\/russischseminar.com\\\/home\\\/\"},{\"@type\":\"ListItem\",\"position\":2,\"name\":\"OnlineKurse\",\"item\":\"https:\\\/\\\/russischseminar.com\\\/home\\\/onlinekurse\\\/\"},{\"@type\":\"ListItem\",\"position\":3,\"name\":\"Konversationskurs B1\\\/B2\"}]},{\"@type\":\"WebSite\",\"@id\":\"https:\\\/\\\/russischseminar.com\\\/home\\\/#website\",\"url\":\"https:\\\/\\\/russischseminar.com\\\/home\\\/\",\"name\":\"RussischSeminar\",\"description\":\"Russisch lernen \u2016 Kurse in Wien\",\"potentialAction\":[{\"@type\":\"SearchAction\",\"target\":{\"@type\":\"EntryPoint\",\"urlTemplate\":\"https:\\\/\\\/russischseminar.com\\\/home\\\/?s={search_term_string}\"},\"query-input\":{\"@type\":\"PropertyValueSpecification\",\"valueRequired\":true,\"valueName\":\"search_term_string\"}}],\"inLanguage\":\"de-AT\"}]}<\/script>\n<!-- \/ Yoast SEO plugin. -->","yoast_head_json":{"title":"Konversationskurs B1\/B2 - RussischSeminar","description":"Der n\u00e4chste Online-Konversationskurs B1\/B2 Russisch vom \u00d6sterreichischen Verein zur F\u00f6rderung der russischen Sprache und Kultur startet am 9. M\u00e4rz 2026.","robots":{"index":"index","follow":"follow","max-snippet":"max-snippet:-1","max-image-preview":"max-image-preview:large","max-video-preview":"max-video-preview:-1"},"canonical":"https:\/\/russischseminar.com\/home\/onlinekurse\/konversationskurs-b1-b2\/","og_locale":"de_DE","og_type":"article","og_title":"Konversationskurs B1\/B2 - RussischSeminar","og_description":"Der n\u00e4chste Online-Konversationskurs B1\/B2 Russisch vom \u00d6sterreichischen Verein zur F\u00f6rderung der russischen Sprache und Kultur startet am 9. M\u00e4rz 2026.","og_url":"https:\/\/russischseminar.com\/home\/onlinekurse\/konversationskurs-b1-b2\/","og_site_name":"RussischSeminar","article_modified_time":"2026-02-21T16:08:17+00:00","twitter_card":"summary_large_image","twitter_misc":{"Gesch\u00e4tzte Lesezeit":"2 Minuten"},"schema":{"@context":"https:\/\/schema.org","@graph":[{"@type":"WebPage","@id":"https:\/\/russischseminar.com\/home\/onlinekurse\/konversationskurs-b1-b2\/","url":"https:\/\/russischseminar.com\/home\/onlinekurse\/konversationskurs-b1-b2\/","name":"Konversationskurs B1\/B2 - RussischSeminar","isPartOf":{"@id":"https:\/\/russischseminar.com\/home\/#website"},"datePublished":"2025-03-09T10:50:12+00:00","dateModified":"2026-02-21T16:08:17+00:00","description":"Der n\u00e4chste Online-Konversationskurs B1\/B2 Russisch vom \u00d6sterreichischen Verein zur F\u00f6rderung der russischen Sprache und Kultur startet am 9. M\u00e4rz 2026.","breadcrumb":{"@id":"https:\/\/russischseminar.com\/home\/onlinekurse\/konversationskurs-b1-b2\/#breadcrumb"},"inLanguage":"de-AT","potentialAction":[{"@type":"ReadAction","target":["https:\/\/russischseminar.com\/home\/onlinekurse\/konversationskurs-b1-b2\/"]}]},{"@type":"BreadcrumbList","@id":"https:\/\/russischseminar.com\/home\/onlinekurse\/konversationskurs-b1-b2\/#breadcrumb","itemListElement":[{"@type":"ListItem","position":1,"name":"Startseite","item":"https:\/\/russischseminar.com\/home\/"},{"@type":"ListItem","position":2,"name":"OnlineKurse","item":"https:\/\/russischseminar.com\/home\/onlinekurse\/"},{"@type":"ListItem","position":3,"name":"Konversationskurs B1\/B2"}]},{"@type":"WebSite","@id":"https:\/\/russischseminar.com\/home\/#website","url":"https:\/\/russischseminar.com\/home\/","name":"RussischSeminar","description":"Russisch lernen \u2016 Kurse in Wien","potentialAction":[{"@type":"SearchAction","target":{"@type":"EntryPoint","urlTemplate":"https:\/\/russischseminar.com\/home\/?s={search_term_string}"},"query-input":{"@type":"PropertyValueSpecification","valueRequired":true,"valueName":"search_term_string"}}],"inLanguage":"de-AT"}]}},"_links":{"self":[{"href":"https:\/\/russischseminar.com\/home\/wp-json\/wp\/v2\/pages\/1437","targetHints":{"allow":["GET"]}}],"collection":[{"href":"https:\/\/russischseminar.com\/home\/wp-json\/wp\/v2\/pages"}],"about":[{"href":"https:\/\/russischseminar.com\/home\/wp-json\/wp\/v2\/types\/page"}],"author":[{"embeddable":true,"href":"https:\/\/russischseminar.com\/home\/wp-json\/wp\/v2\/users\/1"}],"replies":[{"embeddable":true,"href":"https:\/\/russischseminar.com\/home\/wp-json\/wp\/v2\/comments?post=1437"}],"version-history":[{"count":4,"href":"https:\/\/russischseminar.com\/home\/wp-json\/wp\/v2\/pages\/1437\/revisions"}],"predecessor-version":[{"id":2007,"href":"https:\/\/russischseminar.com\/home\/wp-json\/wp\/v2\/pages\/1437\/revisions\/2007"}],"up":[{"embeddable":true,"href":"https:\/\/russischseminar.com\/home\/wp-json\/wp\/v2\/pages\/30"}],"wp:attachment":[{"href":"https:\/\/russischseminar.com\/home\/wp-json\/wp\/v2\/media?parent=1437"}],"curies":[{"name":"wp","href":"https:\/\/api.w.org\/{rel}","templated":true}]}}