{"id":14,"date":"2022-05-24T17:32:22","date_gmt":"2022-05-24T15:32:22","guid":{"rendered":"https:\/\/russischseminar.com\/home\/?page_id=14"},"modified":"2025-07-21T02:46:49","modified_gmt":"2025-07-21T00:46:49","slug":"unser-verein","status":"publish","type":"page","link":"https:\/\/russischseminar.com\/home\/ueber-uns\/unser-verein\/","title":{"rendered":"Unser Verein"},"content":{"rendered":"\n<p>Der \u201c\u00d6sterreichische Verein zur F\u00f6rderung der russischen Sprache und Kultur\u201d unter der Leitung von Frau Mag. Tatiana Stadler und Herrn Professor Mag. Harald Loos besteht seit 2014. Der Verein musste gegr\u00fcndet werden, damit die seit mehr als sechzig Jahren in \u00d6sterreich durchgef\u00fchrten Internationalen Sommer- und WinterSeminare f\u00fcr Russisch weiter veranstaltet werden k\u00f6nnen und konten.<\/p>\n\n\n\n<p>Was in Eisenstadt, Dienten und Schielleiten begonnen hat, wird in dieser Tradition und mit denselben zentralen Werten in Wien weitergef\u00fchrt. Dazu z\u00e4hlen die hohe Qualit\u00e4t des Unterrichts, das gro\u00dfe pers\u00f6nliche Engagement der (Sprach)Lehrenden und die klare interkulturelle Ausrichtung.<\/p>\n\n\n\n<p>Bis 2020 war es eine weitere zentrale Aufgabe des Vereins, Sommerkollegs in Russland durchzuf\u00fchren. Dabei handelte es sich um dreiw\u00f6chige, sehr intensive Lehrveranstaltungen f\u00fcr zwanzig \u00f6sterreichische und zwanzig russische Studierende, die von der \u00f6sterreichischen Bundesregierung finanziert wurden.<\/p>\n\n\n\n<iframe loading=\"lazy\" src=\"https:\/\/www.youtube-nocookie.com\/embed\/mOUUDUrd1No\" allowfullscreen=\"allowfullscreen\" width=\"560\" height=\"360\" frameborder=\"0\"><\/iframe>\n\n\n\n<p>Das Video wurde aufgenommen, geschnitten und zur Verf\u00fcgung gestellt von Frau Dr. Inna Ivanovna Grubmair.<\/p>\n","protected":false},"excerpt":{"rendered":"<p>Der \u201c\u00d6sterreichische Verein zur F\u00f6rderung der russischen Sprache und Kultur\u201d unter der Leitung von Frau Mag. Tatiana Stadler und Herrn Professor Mag. Harald Loos besteht seit 2014. Der Verein musste gegr\u00fcndet werden, damit die seit mehr als sechzig Jahren in \u00d6sterreich durchgef\u00fchrten Internationalen Sommer- und WinterSeminare f\u00fcr Russisch weiter veranstaltet werden k\u00f6nnen und konten. Was [&hellip;]<\/p>\n","protected":false},"author":1,"featured_media":0,"parent":16,"menu_order":0,"comment_status":"closed","ping_status":"closed","template":"","meta":{"footnotes":""},"class_list":["post-14","page","type-page","status-publish","hentry"],"yoast_head":"<!-- This site is optimized with the Yoast SEO plugin v27.4 - https:\/\/yoast.com\/product\/yoast-seo-wordpress\/ -->\n<title>Unser Verein - RussischSeminar<\/title>\n<meta name=\"description\" content=\"Der \u201c\u00d6sterreichische Verein zur F\u00f6rderung der russischen Sprache und Kultur\u201d unter der Leitung von Frau Mag. Tatiana Stadler und Herrn Professor Mag. Harald Loos besteht seit 2014.\" \/>\n<meta name=\"robots\" content=\"index, follow, max-snippet:-1, max-image-preview:large, max-video-preview:-1\" \/>\n<link rel=\"canonical\" href=\"https:\/\/russischseminar.com\/home\/ueber-uns\/unser-verein\/\" \/>\n<meta property=\"og:locale\" content=\"de_DE\" \/>\n<meta property=\"og:type\" content=\"article\" \/>\n<meta property=\"og:title\" content=\"Unser Verein - RussischSeminar\" \/>\n<meta property=\"og:description\" content=\"Der \u201c\u00d6sterreichische Verein zur F\u00f6rderung der russischen Sprache und Kultur\u201d unter der Leitung von Frau Mag. Tatiana Stadler und Herrn Professor Mag. Harald Loos besteht seit 2014.\" \/>\n<meta property=\"og:url\" content=\"https:\/\/russischseminar.com\/home\/ueber-uns\/unser-verein\/\" \/>\n<meta property=\"og:site_name\" content=\"RussischSeminar\" \/>\n<meta property=\"article:modified_time\" content=\"2025-07-21T00:46:49+00:00\" \/>\n<meta name=\"twitter:card\" content=\"summary_large_image\" \/>\n<meta name=\"twitter:label1\" content=\"Gesch\u00e4tzte Lesezeit\" \/>\n\t<meta name=\"twitter:data1\" content=\"1 Minute\" \/>\n<script type=\"application\/ld+json\" class=\"yoast-schema-graph\">{\"@context\":\"https:\\\/\\\/schema.org\",\"@graph\":[{\"@type\":\"WebPage\",\"@id\":\"https:\\\/\\\/russischseminar.com\\\/home\\\/ueber-uns\\\/unser-verein\\\/\",\"url\":\"https:\\\/\\\/russischseminar.com\\\/home\\\/ueber-uns\\\/unser-verein\\\/\",\"name\":\"Unser Verein - RussischSeminar\",\"isPartOf\":{\"@id\":\"https:\\\/\\\/russischseminar.com\\\/home\\\/#website\"},\"datePublished\":\"2022-05-24T15:32:22+00:00\",\"dateModified\":\"2025-07-21T00:46:49+00:00\",\"description\":\"Der \u201c\u00d6sterreichische Verein zur F\u00f6rderung der russischen Sprache und Kultur\u201d unter der Leitung von Frau Mag. Tatiana Stadler und Herrn Professor Mag. Harald Loos besteht seit 2014.\",\"breadcrumb\":{\"@id\":\"https:\\\/\\\/russischseminar.com\\\/home\\\/ueber-uns\\\/unser-verein\\\/#breadcrumb\"},\"inLanguage\":\"de-AT\",\"potentialAction\":[{\"@type\":\"ReadAction\",\"target\":[\"https:\\\/\\\/russischseminar.com\\\/home\\\/ueber-uns\\\/unser-verein\\\/\"]}]},{\"@type\":\"BreadcrumbList\",\"@id\":\"https:\\\/\\\/russischseminar.com\\\/home\\\/ueber-uns\\\/unser-verein\\\/#breadcrumb\",\"itemListElement\":[{\"@type\":\"ListItem\",\"position\":1,\"name\":\"Startseite\",\"item\":\"https:\\\/\\\/russischseminar.com\\\/home\\\/\"},{\"@type\":\"ListItem\",\"position\":2,\"name\":\"\u00dcber uns\",\"item\":\"https:\\\/\\\/russischseminar.com\\\/home\\\/ueber-uns\\\/\"},{\"@type\":\"ListItem\",\"position\":3,\"name\":\"Unser Verein\"}]},{\"@type\":\"WebSite\",\"@id\":\"https:\\\/\\\/russischseminar.com\\\/home\\\/#website\",\"url\":\"https:\\\/\\\/russischseminar.com\\\/home\\\/\",\"name\":\"RussischSeminar\",\"description\":\"Russisch lernen \u2016 Kurse in Wien\",\"potentialAction\":[{\"@type\":\"SearchAction\",\"target\":{\"@type\":\"EntryPoint\",\"urlTemplate\":\"https:\\\/\\\/russischseminar.com\\\/home\\\/?s={search_term_string}\"},\"query-input\":{\"@type\":\"PropertyValueSpecification\",\"valueRequired\":true,\"valueName\":\"search_term_string\"}}],\"inLanguage\":\"de-AT\"}]}<\/script>\n<!-- \/ Yoast SEO plugin. -->","yoast_head_json":{"title":"Unser Verein - RussischSeminar","description":"Der \u201c\u00d6sterreichische Verein zur F\u00f6rderung der russischen Sprache und Kultur\u201d unter der Leitung von Frau Mag. Tatiana Stadler und Herrn Professor Mag. Harald Loos besteht seit 2014.","robots":{"index":"index","follow":"follow","max-snippet":"max-snippet:-1","max-image-preview":"max-image-preview:large","max-video-preview":"max-video-preview:-1"},"canonical":"https:\/\/russischseminar.com\/home\/ueber-uns\/unser-verein\/","og_locale":"de_DE","og_type":"article","og_title":"Unser Verein - RussischSeminar","og_description":"Der \u201c\u00d6sterreichische Verein zur F\u00f6rderung der russischen Sprache und Kultur\u201d unter der Leitung von Frau Mag. Tatiana Stadler und Herrn Professor Mag. Harald Loos besteht seit 2014.","og_url":"https:\/\/russischseminar.com\/home\/ueber-uns\/unser-verein\/","og_site_name":"RussischSeminar","article_modified_time":"2025-07-21T00:46:49+00:00","twitter_card":"summary_large_image","twitter_misc":{"Gesch\u00e4tzte Lesezeit":"1 Minute"},"schema":{"@context":"https:\/\/schema.org","@graph":[{"@type":"WebPage","@id":"https:\/\/russischseminar.com\/home\/ueber-uns\/unser-verein\/","url":"https:\/\/russischseminar.com\/home\/ueber-uns\/unser-verein\/","name":"Unser Verein - RussischSeminar","isPartOf":{"@id":"https:\/\/russischseminar.com\/home\/#website"},"datePublished":"2022-05-24T15:32:22+00:00","dateModified":"2025-07-21T00:46:49+00:00","description":"Der \u201c\u00d6sterreichische Verein zur F\u00f6rderung der russischen Sprache und Kultur\u201d unter der Leitung von Frau Mag. Tatiana Stadler und Herrn Professor Mag. Harald Loos besteht seit 2014.","breadcrumb":{"@id":"https:\/\/russischseminar.com\/home\/ueber-uns\/unser-verein\/#breadcrumb"},"inLanguage":"de-AT","potentialAction":[{"@type":"ReadAction","target":["https:\/\/russischseminar.com\/home\/ueber-uns\/unser-verein\/"]}]},{"@type":"BreadcrumbList","@id":"https:\/\/russischseminar.com\/home\/ueber-uns\/unser-verein\/#breadcrumb","itemListElement":[{"@type":"ListItem","position":1,"name":"Startseite","item":"https:\/\/russischseminar.com\/home\/"},{"@type":"ListItem","position":2,"name":"\u00dcber uns","item":"https:\/\/russischseminar.com\/home\/ueber-uns\/"},{"@type":"ListItem","position":3,"name":"Unser Verein"}]},{"@type":"WebSite","@id":"https:\/\/russischseminar.com\/home\/#website","url":"https:\/\/russischseminar.com\/home\/","name":"RussischSeminar","description":"Russisch lernen \u2016 Kurse in Wien","potentialAction":[{"@type":"SearchAction","target":{"@type":"EntryPoint","urlTemplate":"https:\/\/russischseminar.com\/home\/?s={search_term_string}"},"query-input":{"@type":"PropertyValueSpecification","valueRequired":true,"valueName":"search_term_string"}}],"inLanguage":"de-AT"}]}},"_links":{"self":[{"href":"https:\/\/russischseminar.com\/home\/wp-json\/wp\/v2\/pages\/14","targetHints":{"allow":["GET"]}}],"collection":[{"href":"https:\/\/russischseminar.com\/home\/wp-json\/wp\/v2\/pages"}],"about":[{"href":"https:\/\/russischseminar.com\/home\/wp-json\/wp\/v2\/types\/page"}],"author":[{"embeddable":true,"href":"https:\/\/russischseminar.com\/home\/wp-json\/wp\/v2\/users\/1"}],"replies":[{"embeddable":true,"href":"https:\/\/russischseminar.com\/home\/wp-json\/wp\/v2\/comments?post=14"}],"version-history":[{"count":3,"href":"https:\/\/russischseminar.com\/home\/wp-json\/wp\/v2\/pages\/14\/revisions"}],"predecessor-version":[{"id":946,"href":"https:\/\/russischseminar.com\/home\/wp-json\/wp\/v2\/pages\/14\/revisions\/946"}],"up":[{"embeddable":true,"href":"https:\/\/russischseminar.com\/home\/wp-json\/wp\/v2\/pages\/16"}],"wp:attachment":[{"href":"https:\/\/russischseminar.com\/home\/wp-json\/wp\/v2\/media?parent=14"}],"curies":[{"name":"wp","href":"https:\/\/api.w.org\/{rel}","templated":true}]}}