{"id":1341,"date":"2024-09-26T23:56:08","date_gmt":"2024-09-26T21:56:08","guid":{"rendered":"https:\/\/russischseminar.com\/home\/?page_id=1341"},"modified":"2026-02-21T17:34:58","modified_gmt":"2026-02-21T16:34:58","slug":"semesterkurs-b1","status":"publish","type":"page","link":"https:\/\/russischseminar.com\/home\/onlinekurse\/semesterkurs-b1\/","title":{"rendered":"Semesterkurs B1"},"content":{"rendered":"\n<p>Eine Sprache zu erlernen, bedeutet \u00dcbung, \u00dcbung, \u00dcbung &#8230; auch oder gerade auf diesem Sprachniveau. Dabei m\u00f6chten wir auf der Erfahrung der letzten Jahre aufbauen und folgendes Angebot machen:<\/p>\n\n\n\n<p>Dieser Kurs kann als eine Fortsetzung des Kurses mit Tatiana Stadler, Lehrbuch \u201eJasno A2\u201c gesehen werden und wird dieses Semester von <strong>Inna Grubmair<\/strong> betreut. Aber auch f\u00fcr Fortgeschrittenere, die in einem unserer Seminare oder auch anderswo gro\u00dfe Fortschritte im Russischen gemacht haben, m\u00f6chten wir die Gelegenheit bieten, das Lernen &#8211; bequem von zuhause aus oder wo Sie gerade sind &#8211; fortzusetzen bzw. Ihre Kenntnisse aufzufrischen.<\/p>\n\n\n\n<p>Dieser Kurs richtet sich besonders an Studierende, die das Niveau A2 abgeschlossen haben. Das Programm umfasst die Arbeit an Grammatik und Wortschatz des Niveaus B1 mit Schwerpunkt auf den Kompetenzen H\u00f6rverstehen und Sprechen. Als Lehrbuch wird \u0422. \u042d\u0441\u043c\u0430\u043d\u0442\u043e\u0432\u0430 \u00ab\u041f\u044f\u0442\u044c \u044d\u043b\u0435\u043c\u0435\u043d\u0442\u043e\u0432. \u04121\u00bb verwendet.<\/p>\n\n\n\n<p>Dazu organisieren wir eine Gruppe auf dem Niveau B1, die sich <strong>jeden Donnerstag von 19.00 bis 20.40 Uhr<\/strong> <strong>ONLINE<\/strong> zu insgesamt 15 Terminen trifft.<\/p>\n\n\n\n<p><strong>Die Eckpunkte zu diesem Angebot:<\/strong><\/p>\n\n\n\n<ul class=\"wp-block-list\">\n<li>Der Online-Unterricht findet <strong>ab 3 Personen<\/strong> statt.<\/li>\n\n\n\n<li>Die finanzielle Investition in Ihre Sprachkenntnisse betr\u00e4gt <strong>\u20ac 330,00<\/strong> f\u00fcr das gesamte Semester.<\/li>\n\n\n\n<li>Die zeitliche Investition in Ihre Sprachkenntnisse bel\u00e4uft sich auf 90 Minuten pro Woche, aber gerne auch mehr.<\/li>\n\n\n\n<li>Das aktuelle Semester dauert von 9. M\u00e4rz 2026 bis 28. Juni 2026.<\/li>\n\n\n\n<li>Das e<strong>rste Treffen<\/strong> der Gruppe B1 ist am <strong>12. M\u00e4rz 2026<\/strong>.<\/li>\n\n\n\n<li>Fallweise Teilnahmen gerne auf Anfrage.<\/li>\n<\/ul>\n\n\n\n<p>Sollten Sie an diesem Angebot interessiert sein, nehmen Sie <a href=\"https:\/\/russischseminar.com\/home\/rechtliches\/faqs-und-kontakt\/\">\u00fcber die Kontaktseite Verbindung mit uns auf<\/a>, rufen Sie uns an oder <a href=\"https:\/\/russischseminar.com\/home\/anmeldung\/zu-einem-onlinekurs\/\">melden Sie sich direkt online an<\/a>.<\/p>\n","protected":false},"excerpt":{"rendered":"<p>Eine Sprache zu erlernen, bedeutet \u00dcbung, \u00dcbung, \u00dcbung &#8230; auch oder gerade auf diesem Sprachniveau. Dabei m\u00f6chten wir auf der Erfahrung der letzten Jahre aufbauen und folgendes Angebot machen: Dieser Kurs kann als eine Fortsetzung des Kurses mit Tatiana Stadler, Lehrbuch \u201eJasno A2\u201c gesehen werden und wird dieses Semester von Inna Grubmair betreut. Aber auch [&hellip;]<\/p>\n","protected":false},"author":1,"featured_media":0,"parent":30,"menu_order":0,"comment_status":"closed","ping_status":"closed","template":"","meta":{"footnotes":""},"class_list":["post-1341","page","type-page","status-publish","hentry"],"yoast_head":"<!-- This site is optimized with the Yoast SEO plugin v27.4 - https:\/\/yoast.com\/product\/yoast-seo-wordpress\/ -->\n<title>Semesterkurs B1 - RussischSeminar<\/title>\n<meta name=\"description\" content=\"Der n\u00e4chste Online-Semesterkurs B1 Russisch vom \u00d6sterreichischen Verein zur F\u00f6rderung der russischen Sprache und Kultur startet am 12. M\u00e4rz 2026.\" \/>\n<meta name=\"robots\" content=\"index, follow, max-snippet:-1, max-image-preview:large, max-video-preview:-1\" \/>\n<link rel=\"canonical\" href=\"https:\/\/russischseminar.com\/home\/onlinekurse\/semesterkurs-b1\/\" \/>\n<meta property=\"og:locale\" content=\"de_DE\" \/>\n<meta property=\"og:type\" content=\"article\" \/>\n<meta property=\"og:title\" content=\"Semesterkurs B1 - RussischSeminar\" \/>\n<meta property=\"og:description\" content=\"Der n\u00e4chste Online-Semesterkurs B1 Russisch vom \u00d6sterreichischen Verein zur F\u00f6rderung der russischen Sprache und Kultur startet am 12. M\u00e4rz 2026.\" \/>\n<meta property=\"og:url\" content=\"https:\/\/russischseminar.com\/home\/onlinekurse\/semesterkurs-b1\/\" \/>\n<meta property=\"og:site_name\" content=\"RussischSeminar\" \/>\n<meta property=\"article:modified_time\" content=\"2026-02-21T16:34:58+00:00\" \/>\n<meta name=\"twitter:card\" content=\"summary_large_image\" \/>\n<meta name=\"twitter:label1\" content=\"Gesch\u00e4tzte Lesezeit\" \/>\n\t<meta name=\"twitter:data1\" content=\"2 Minuten\" \/>\n<script type=\"application\/ld+json\" class=\"yoast-schema-graph\">{\"@context\":\"https:\\\/\\\/schema.org\",\"@graph\":[{\"@type\":\"WebPage\",\"@id\":\"https:\\\/\\\/russischseminar.com\\\/home\\\/onlinekurse\\\/semesterkurs-b1\\\/\",\"url\":\"https:\\\/\\\/russischseminar.com\\\/home\\\/onlinekurse\\\/semesterkurs-b1\\\/\",\"name\":\"Semesterkurs B1 - RussischSeminar\",\"isPartOf\":{\"@id\":\"https:\\\/\\\/russischseminar.com\\\/home\\\/#website\"},\"datePublished\":\"2024-09-26T21:56:08+00:00\",\"dateModified\":\"2026-02-21T16:34:58+00:00\",\"description\":\"Der n\u00e4chste Online-Semesterkurs B1 Russisch vom \u00d6sterreichischen Verein zur F\u00f6rderung der russischen Sprache und Kultur startet am 12. M\u00e4rz 2026.\",\"breadcrumb\":{\"@id\":\"https:\\\/\\\/russischseminar.com\\\/home\\\/onlinekurse\\\/semesterkurs-b1\\\/#breadcrumb\"},\"inLanguage\":\"de-AT\",\"potentialAction\":[{\"@type\":\"ReadAction\",\"target\":[\"https:\\\/\\\/russischseminar.com\\\/home\\\/onlinekurse\\\/semesterkurs-b1\\\/\"]}]},{\"@type\":\"BreadcrumbList\",\"@id\":\"https:\\\/\\\/russischseminar.com\\\/home\\\/onlinekurse\\\/semesterkurs-b1\\\/#breadcrumb\",\"itemListElement\":[{\"@type\":\"ListItem\",\"position\":1,\"name\":\"Startseite\",\"item\":\"https:\\\/\\\/russischseminar.com\\\/home\\\/\"},{\"@type\":\"ListItem\",\"position\":2,\"name\":\"OnlineKurse\",\"item\":\"https:\\\/\\\/russischseminar.com\\\/home\\\/onlinekurse\\\/\"},{\"@type\":\"ListItem\",\"position\":3,\"name\":\"Semesterkurs B1\"}]},{\"@type\":\"WebSite\",\"@id\":\"https:\\\/\\\/russischseminar.com\\\/home\\\/#website\",\"url\":\"https:\\\/\\\/russischseminar.com\\\/home\\\/\",\"name\":\"RussischSeminar\",\"description\":\"Russisch lernen \u2016 Kurse in Wien\",\"potentialAction\":[{\"@type\":\"SearchAction\",\"target\":{\"@type\":\"EntryPoint\",\"urlTemplate\":\"https:\\\/\\\/russischseminar.com\\\/home\\\/?s={search_term_string}\"},\"query-input\":{\"@type\":\"PropertyValueSpecification\",\"valueRequired\":true,\"valueName\":\"search_term_string\"}}],\"inLanguage\":\"de-AT\"}]}<\/script>\n<!-- \/ Yoast SEO plugin. -->","yoast_head_json":{"title":"Semesterkurs B1 - RussischSeminar","description":"Der n\u00e4chste Online-Semesterkurs B1 Russisch vom \u00d6sterreichischen Verein zur F\u00f6rderung der russischen Sprache und Kultur startet am 12. M\u00e4rz 2026.","robots":{"index":"index","follow":"follow","max-snippet":"max-snippet:-1","max-image-preview":"max-image-preview:large","max-video-preview":"max-video-preview:-1"},"canonical":"https:\/\/russischseminar.com\/home\/onlinekurse\/semesterkurs-b1\/","og_locale":"de_DE","og_type":"article","og_title":"Semesterkurs B1 - RussischSeminar","og_description":"Der n\u00e4chste Online-Semesterkurs B1 Russisch vom \u00d6sterreichischen Verein zur F\u00f6rderung der russischen Sprache und Kultur startet am 12. M\u00e4rz 2026.","og_url":"https:\/\/russischseminar.com\/home\/onlinekurse\/semesterkurs-b1\/","og_site_name":"RussischSeminar","article_modified_time":"2026-02-21T16:34:58+00:00","twitter_card":"summary_large_image","twitter_misc":{"Gesch\u00e4tzte Lesezeit":"2 Minuten"},"schema":{"@context":"https:\/\/schema.org","@graph":[{"@type":"WebPage","@id":"https:\/\/russischseminar.com\/home\/onlinekurse\/semesterkurs-b1\/","url":"https:\/\/russischseminar.com\/home\/onlinekurse\/semesterkurs-b1\/","name":"Semesterkurs B1 - RussischSeminar","isPartOf":{"@id":"https:\/\/russischseminar.com\/home\/#website"},"datePublished":"2024-09-26T21:56:08+00:00","dateModified":"2026-02-21T16:34:58+00:00","description":"Der n\u00e4chste Online-Semesterkurs B1 Russisch vom \u00d6sterreichischen Verein zur F\u00f6rderung der russischen Sprache und Kultur startet am 12. M\u00e4rz 2026.","breadcrumb":{"@id":"https:\/\/russischseminar.com\/home\/onlinekurse\/semesterkurs-b1\/#breadcrumb"},"inLanguage":"de-AT","potentialAction":[{"@type":"ReadAction","target":["https:\/\/russischseminar.com\/home\/onlinekurse\/semesterkurs-b1\/"]}]},{"@type":"BreadcrumbList","@id":"https:\/\/russischseminar.com\/home\/onlinekurse\/semesterkurs-b1\/#breadcrumb","itemListElement":[{"@type":"ListItem","position":1,"name":"Startseite","item":"https:\/\/russischseminar.com\/home\/"},{"@type":"ListItem","position":2,"name":"OnlineKurse","item":"https:\/\/russischseminar.com\/home\/onlinekurse\/"},{"@type":"ListItem","position":3,"name":"Semesterkurs B1"}]},{"@type":"WebSite","@id":"https:\/\/russischseminar.com\/home\/#website","url":"https:\/\/russischseminar.com\/home\/","name":"RussischSeminar","description":"Russisch lernen \u2016 Kurse in Wien","potentialAction":[{"@type":"SearchAction","target":{"@type":"EntryPoint","urlTemplate":"https:\/\/russischseminar.com\/home\/?s={search_term_string}"},"query-input":{"@type":"PropertyValueSpecification","valueRequired":true,"valueName":"search_term_string"}}],"inLanguage":"de-AT"}]}},"_links":{"self":[{"href":"https:\/\/russischseminar.com\/home\/wp-json\/wp\/v2\/pages\/1341","targetHints":{"allow":["GET"]}}],"collection":[{"href":"https:\/\/russischseminar.com\/home\/wp-json\/wp\/v2\/pages"}],"about":[{"href":"https:\/\/russischseminar.com\/home\/wp-json\/wp\/v2\/types\/page"}],"author":[{"embeddable":true,"href":"https:\/\/russischseminar.com\/home\/wp-json\/wp\/v2\/users\/1"}],"replies":[{"embeddable":true,"href":"https:\/\/russischseminar.com\/home\/wp-json\/wp\/v2\/comments?post=1341"}],"version-history":[{"count":3,"href":"https:\/\/russischseminar.com\/home\/wp-json\/wp\/v2\/pages\/1341\/revisions"}],"predecessor-version":[{"id":2017,"href":"https:\/\/russischseminar.com\/home\/wp-json\/wp\/v2\/pages\/1341\/revisions\/2017"}],"up":[{"embeddable":true,"href":"https:\/\/russischseminar.com\/home\/wp-json\/wp\/v2\/pages\/30"}],"wp:attachment":[{"href":"https:\/\/russischseminar.com\/home\/wp-json\/wp\/v2\/media?parent=1341"}],"curies":[{"name":"wp","href":"https:\/\/api.w.org\/{rel}","templated":true}]}}